{"id":43702,"date":"2025-11-20T15:38:12","date_gmt":"2025-11-20T20:38:12","guid":{"rendered":"https:\/\/modeconfort.com\/product\/scarf-453645120\/"},"modified":"2026-04-17T14:44:08","modified_gmt":"2026-04-17T18:44:08","slug":"scarf-453645120","status":"publish","type":"product","link":"https:\/\/modeconfort.com\/en\/product\/scarf-453645120\/","title":{"rendered":"Foulard \u00c9l\u00e9gant Mode Confort &#8211; Accessoire Raffin\u00e9 Femme"},"content":{"rendered":"<p>Animal print pashmina fantasy details.<\/p>\n<p><em>Conseil Mode Confort :<\/em> Id\u00e9es de look et confort europ\u00e9en, pens\u00e9s pour le climat canadien.<\/p>\n<p><em>Conseil Mode Confort :<\/em> Id\u00e9es de look et confort europ\u00e9en, pens\u00e9s pour le climat canadien.<\/p>\n<p>D\u00e9couvrez une coupe flatteuse, un style chic intemporel et un confort adapt\u00e9 au climat canadien. Parfait pour le quotidien comme pour les occasions sp\u00e9ciales.<\/p>\n<p>D\u00e9couvrez une coupe flatteuse, un style chic intemporel et un confort adapt\u00e9 au climat canadien. Parfait pour le quotidien comme pour les occasions sp\u00e9ciales.<\/p>\n<p>D\u00e9couvrez une coupe flatteuse, un style chic intemporel et un confort adapt\u00e9 au climat canadien. Parfait pour le quotidien comme pour les occasions sp\u00e9ciales.<\/p>","protected":false},"excerpt":{"rendered":"<p>Pour vos soir\u00e9es \u00e9l\u00e9gantes ou une touche de douceur au quotidien, cette \u00e9charpe vous enveloppe de confort avec raffinement.<\/p>","protected":false},"featured_media":42824,"comment_status":"open","ping_status":"closed","template":"","meta":{"_acf_changed":false},"product_brand":[],"product_cat":[202,149,157],"product_tag":[],"class_list":{"0":"post-43702","1":"product","2":"type-product","3":"status-publish","4":"has-post-thumbnail","6":"product_cat-accessories","7":"product_cat-new-collection","8":"product_cat-scarves","10":"first","11":"outofstock","12":"sale","13":"taxable","14":"shipping-taxable","15":"purchasable","16":"product-type-variable","17":"has-default-attributes"},"acf":[],"_links":{"self":[{"href":"https:\/\/modeconfort.com\/en\/wp-json\/wp\/v2\/product\/43702","targetHints":{"allow":["GET"]}}],"collection":[{"href":"https:\/\/modeconfort.com\/en\/wp-json\/wp\/v2\/product"}],"about":[{"href":"https:\/\/modeconfort.com\/en\/wp-json\/wp\/v2\/types\/product"}],"replies":[{"embeddable":true,"href":"https:\/\/modeconfort.com\/en\/wp-json\/wp\/v2\/comments?post=43702"}],"wp:featuredmedia":[{"embeddable":true,"href":"https:\/\/modeconfort.com\/en\/wp-json\/wp\/v2\/media\/42824"}],"wp:attachment":[{"href":"https:\/\/modeconfort.com\/en\/wp-json\/wp\/v2\/media?parent=43702"}],"wp:term":[{"taxonomy":"product_brand","embeddable":true,"href":"https:\/\/modeconfort.com\/en\/wp-json\/wp\/v2\/product_brand?post=43702"},{"taxonomy":"product_cat","embeddable":true,"href":"https:\/\/modeconfort.com\/en\/wp-json\/wp\/v2\/product_cat?post=43702"},{"taxonomy":"product_tag","embeddable":true,"href":"https:\/\/modeconfort.com\/en\/wp-json\/wp\/v2\/product_tag?post=43702"}],"curies":[{"name":"wp","href":"https:\/\/api.w.org\/{rel}","templated":true}]}}