{"id":43696,"date":"2025-11-20T15:38:10","date_gmt":"2025-11-20T20:38:10","guid":{"rendered":"https:\/\/modeconfort.com\/product\/scarf-453641112\/"},"modified":"2026-04-30T07:12:55","modified_gmt":"2026-04-30T11:12:55","slug":"scarf-453641112","status":"publish","type":"product","link":"https:\/\/modeconfort.com\/en\/product\/scarf-453641112\/","title":{"rendered":"Foulard Doux Mode Confort \u2013 \u00c9l\u00e9gance Soir\u00e9e Femme"},"content":{"rendered":"<p>Fantasy pashmina. Available in several colours.<\/p>\n<p><em>Conseil Mode Confort :<\/em> Id\u00e9es de look et confort europ\u00e9en, pens\u00e9s pour le climat canadien.<\/p>\n<p><em>Conseil Mode Confort :<\/em> Id\u00e9es de look et confort europ\u00e9en, pens\u00e9s pour le climat canadien.<\/p>\n<p>D\u00e9couvrez une coupe flatteuse, un style chic intemporel et un confort adapt\u00e9 au climat canadien. Parfait pour le quotidien comme pour les occasions sp\u00e9ciales.<\/p>\n<p>D\u00e9couvrez une coupe flatteuse, un style chic intemporel et un confort adapt\u00e9 au climat canadien. Parfait pour le quotidien comme pour les occasions sp\u00e9ciales.<\/p>\n<p>D\u00e9couvrez une coupe flatteuse, un style chic intemporel et un confort adapt\u00e9 au climat canadien. Parfait pour le quotidien comme pour les occasions sp\u00e9ciales.<\/p>","protected":false},"excerpt":{"rendered":"<p>Sublimez vos soir\u00e9es fra\u00eeches avec ce foulard doux, ajoutant une touche d&rsquo;\u00e9l\u00e9gance et de r\u00e9confort \u00e0 votre style.<\/p>","protected":false},"featured_media":42812,"comment_status":"open","ping_status":"closed","template":"","meta":{"_acf_changed":false},"product_brand":[],"product_cat":[202,149,328,157],"product_tag":[],"class_list":{"0":"post-43696","1":"product","2":"type-product","3":"status-publish","4":"has-post-thumbnail","6":"product_cat-accessories","7":"product_cat-new-collection","8":"product_cat-liquidation","9":"product_cat-scarves","11":"first","12":"instock","13":"sale","14":"taxable","15":"shipping-taxable","16":"purchasable","17":"product-type-variable","18":"has-default-attributes"},"acf":[],"_links":{"self":[{"href":"https:\/\/modeconfort.com\/en\/wp-json\/wp\/v2\/product\/43696","targetHints":{"allow":["GET"]}}],"collection":[{"href":"https:\/\/modeconfort.com\/en\/wp-json\/wp\/v2\/product"}],"about":[{"href":"https:\/\/modeconfort.com\/en\/wp-json\/wp\/v2\/types\/product"}],"replies":[{"embeddable":true,"href":"https:\/\/modeconfort.com\/en\/wp-json\/wp\/v2\/comments?post=43696"}],"wp:featuredmedia":[{"embeddable":true,"href":"https:\/\/modeconfort.com\/en\/wp-json\/wp\/v2\/media\/42812"}],"wp:attachment":[{"href":"https:\/\/modeconfort.com\/en\/wp-json\/wp\/v2\/media?parent=43696"}],"wp:term":[{"taxonomy":"product_brand","embeddable":true,"href":"https:\/\/modeconfort.com\/en\/wp-json\/wp\/v2\/product_brand?post=43696"},{"taxonomy":"product_cat","embeddable":true,"href":"https:\/\/modeconfort.com\/en\/wp-json\/wp\/v2\/product_cat?post=43696"},{"taxonomy":"product_tag","embeddable":true,"href":"https:\/\/modeconfort.com\/en\/wp-json\/wp\/v2\/product_tag?post=43696"}],"curies":[{"name":"wp","href":"https:\/\/api.w.org\/{rel}","templated":true}]}}