{"id":43690,"date":"2025-11-20T15:38:08","date_gmt":"2025-11-20T20:38:08","guid":{"rendered":"https:\/\/modeconfort.com\/product\/scarf-453635129\/"},"modified":"2026-04-16T01:39:40","modified_gmt":"2026-04-16T05:39:40","slug":"scarf-453635129","status":"publish","type":"product","link":"https:\/\/modeconfort.com\/en\/product\/scarf-453635129\/","title":{"rendered":"Foulard Doux Mode Confort &#8211; Accessoire \u00c9l\u00e9gant Femme"},"content":{"rendered":"<p>Printed pashmina.<\/p>\n<p><em>Conseil Mode Confort :<\/em> Id\u00e9es de look et confort europ\u00e9en, pens\u00e9s pour le climat canadien.<\/p>\n<p><em>Conseil Mode Confort :<\/em> Id\u00e9es de look et confort europ\u00e9en, pens\u00e9s pour le climat canadien.<\/p>\n<p>D\u00e9couvrez une coupe flatteuse, un style chic intemporel et un confort adapt\u00e9 au climat canadien. Parfait pour le quotidien comme pour les occasions sp\u00e9ciales.<\/p>\n<p>D\u00e9couvrez une coupe flatteuse, un style chic intemporel et un confort adapt\u00e9 au climat canadien. Parfait pour le quotidien comme pour les occasions sp\u00e9ciales.<\/p>\n<p>D\u00e9couvrez une coupe flatteuse, un style chic intemporel et un confort adapt\u00e9 au climat canadien. Parfait pour le quotidien comme pour les occasions sp\u00e9ciales.<\/p>","protected":false},"excerpt":{"rendered":"<p>Pour vos soir\u00e9es douillettes ou vos sorties \u00e9l\u00e9gantes, ce foulard vous enveloppe de douceur et de raffinement.<\/p>","protected":false},"featured_media":42800,"comment_status":"open","ping_status":"closed","template":"","meta":{"_acf_changed":false},"product_brand":[],"product_cat":[202,149,328,157],"product_tag":[],"class_list":{"0":"post-43690","1":"product","2":"type-product","3":"status-publish","4":"has-post-thumbnail","6":"product_cat-accessories","7":"product_cat-new-collection","8":"product_cat-liquidation","9":"product_cat-scarves","11":"first","12":"outofstock","13":"sale","14":"taxable","15":"shipping-taxable","16":"purchasable","17":"product-type-variable","18":"has-default-attributes"},"acf":[],"_links":{"self":[{"href":"https:\/\/modeconfort.com\/en\/wp-json\/wp\/v2\/product\/43690","targetHints":{"allow":["GET"]}}],"collection":[{"href":"https:\/\/modeconfort.com\/en\/wp-json\/wp\/v2\/product"}],"about":[{"href":"https:\/\/modeconfort.com\/en\/wp-json\/wp\/v2\/types\/product"}],"replies":[{"embeddable":true,"href":"https:\/\/modeconfort.com\/en\/wp-json\/wp\/v2\/comments?post=43690"}],"wp:featuredmedia":[{"embeddable":true,"href":"https:\/\/modeconfort.com\/en\/wp-json\/wp\/v2\/media\/42800"}],"wp:attachment":[{"href":"https:\/\/modeconfort.com\/en\/wp-json\/wp\/v2\/media?parent=43690"}],"wp:term":[{"taxonomy":"product_brand","embeddable":true,"href":"https:\/\/modeconfort.com\/en\/wp-json\/wp\/v2\/product_brand?post=43690"},{"taxonomy":"product_cat","embeddable":true,"href":"https:\/\/modeconfort.com\/en\/wp-json\/wp\/v2\/product_cat?post=43690"},{"taxonomy":"product_tag","embeddable":true,"href":"https:\/\/modeconfort.com\/en\/wp-json\/wp\/v2\/product_tag?post=43690"}],"curies":[{"name":"wp","href":"https:\/\/api.w.org\/{rel}","templated":true}]}}