{"id":43659,"date":"2025-11-20T15:37:59","date_gmt":"2025-11-20T20:37:59","guid":{"rendered":"https:\/\/modeconfort.com\/product\/belt-453014120\/"},"modified":"2026-04-14T12:05:46","modified_gmt":"2026-04-14T16:05:46","slug":"belt-453014120","status":"publish","type":"product","link":"https:\/\/modeconfort.com\/en\/product\/belt-453014120\/","title":{"rendered":"Ceinture \u00c9l\u00e9gante Mode Confort &#8211; Accessoire Raffin\u00e9 Femme"},"content":{"rendered":"<p>Velvet belt black coloured gemstone details oval buckle.<\/p>\n<p>D\u00e9couvrez une coupe flatteuse, un style chic intemporel et un confort adapt\u00e9 au climat canadien. Parfait pour le quotidien comme pour les occasions sp\u00e9ciales.<\/p>\n<p>D\u00e9couvrez une coupe flatteuse, un style chic intemporel et un confort adapt\u00e9 au climat canadien. Parfait pour le quotidien comme pour les occasions sp\u00e9ciales.<\/p>\n<p>D\u00e9couvrez une coupe flatteuse, un style chic intemporel et un confort adapt\u00e9 au climat canadien. Parfait pour le quotidien comme pour les occasions sp\u00e9ciales.<\/p>","protected":false},"excerpt":{"rendered":"<p>Sublimez votre taille avec \u00e9l\u00e9gance et confort lors de vos sorties, ceintur\u00e9e d&rsquo;un accessoire raffin\u00e9 qui vous assure une allure parfaite.<\/p>","protected":false},"featured_media":42748,"comment_status":"open","ping_status":"closed","template":"","meta":{"_acf_changed":false},"product_brand":[],"product_cat":[202,204,149,328],"product_tag":[],"class_list":{"0":"post-43659","1":"product","2":"type-product","3":"status-publish","4":"has-post-thumbnail","6":"product_cat-accessories","7":"product_cat-belts","8":"product_cat-new-collection","9":"product_cat-liquidation","11":"first","12":"instock","13":"sale","14":"taxable","15":"shipping-taxable","16":"purchasable","17":"product-type-variable","18":"has-default-attributes"},"acf":[],"_links":{"self":[{"href":"https:\/\/modeconfort.com\/en\/wp-json\/wp\/v2\/product\/43659","targetHints":{"allow":["GET"]}}],"collection":[{"href":"https:\/\/modeconfort.com\/en\/wp-json\/wp\/v2\/product"}],"about":[{"href":"https:\/\/modeconfort.com\/en\/wp-json\/wp\/v2\/types\/product"}],"replies":[{"embeddable":true,"href":"https:\/\/modeconfort.com\/en\/wp-json\/wp\/v2\/comments?post=43659"}],"wp:featuredmedia":[{"embeddable":true,"href":"https:\/\/modeconfort.com\/en\/wp-json\/wp\/v2\/media\/42748"}],"wp:attachment":[{"href":"https:\/\/modeconfort.com\/en\/wp-json\/wp\/v2\/media?parent=43659"}],"wp:term":[{"taxonomy":"product_brand","embeddable":true,"href":"https:\/\/modeconfort.com\/en\/wp-json\/wp\/v2\/product_brand?post=43659"},{"taxonomy":"product_cat","embeddable":true,"href":"https:\/\/modeconfort.com\/en\/wp-json\/wp\/v2\/product_cat?post=43659"},{"taxonomy":"product_tag","embeddable":true,"href":"https:\/\/modeconfort.com\/en\/wp-json\/wp\/v2\/product_tag?post=43659"}],"curies":[{"name":"wp","href":"https:\/\/api.w.org\/{rel}","templated":true}]}}