{"id":43647,"date":"2025-11-20T15:37:54","date_gmt":"2025-11-20T20:37:54","guid":{"rendered":"https:\/\/modeconfort.com\/product\/belt-453001120\/"},"modified":"2026-04-17T01:44:46","modified_gmt":"2026-04-17T05:44:46","slug":"belt-453001120","status":"publish","type":"product","link":"https:\/\/modeconfort.com\/en\/product\/belt-453001120\/","title":{"rendered":"Ceinture \u00c9l\u00e9gante Mode Confort &#8211; Accessoire Confort Femme"},"content":{"rendered":"<p>Snake belt black coloured gold buckle.<\/p>\n<p>D\u00e9couvrez une coupe flatteuse, un style chic intemporel et un confort adapt\u00e9 au climat canadien. Parfait pour le quotidien comme pour les occasions sp\u00e9ciales.<\/p>\n<p>D\u00e9couvrez une coupe flatteuse, un style chic intemporel et un confort adapt\u00e9 au climat canadien. Parfait pour le quotidien comme pour les occasions sp\u00e9ciales.<\/p>\n<p>D\u00e9couvrez une coupe flatteuse, un style chic intemporel et un confort adapt\u00e9 au climat canadien. Parfait pour le quotidien comme pour les occasions sp\u00e9ciales.<\/p>","protected":false},"excerpt":{"rendered":"<p>Sublimez votre allure quotidienne ou une sortie entre amies avec notre ceinture \u00e9l\u00e9gante, con\u00e7ue pour votre confort.<\/p>","protected":false},"featured_media":42732,"comment_status":"open","ping_status":"closed","template":"","meta":{"_acf_changed":false},"product_brand":[],"product_cat":[202,204,149,328],"product_tag":[],"class_list":{"0":"post-43647","1":"product","2":"type-product","3":"status-publish","4":"has-post-thumbnail","6":"product_cat-accessories","7":"product_cat-belts","8":"product_cat-new-collection","9":"product_cat-liquidation","11":"first","12":"instock","13":"sale","14":"taxable","15":"shipping-taxable","16":"purchasable","17":"product-type-variable","18":"has-default-attributes"},"acf":[],"_links":{"self":[{"href":"https:\/\/modeconfort.com\/en\/wp-json\/wp\/v2\/product\/43647","targetHints":{"allow":["GET"]}}],"collection":[{"href":"https:\/\/modeconfort.com\/en\/wp-json\/wp\/v2\/product"}],"about":[{"href":"https:\/\/modeconfort.com\/en\/wp-json\/wp\/v2\/types\/product"}],"replies":[{"embeddable":true,"href":"https:\/\/modeconfort.com\/en\/wp-json\/wp\/v2\/comments?post=43647"}],"wp:featuredmedia":[{"embeddable":true,"href":"https:\/\/modeconfort.com\/en\/wp-json\/wp\/v2\/media\/42732"}],"wp:attachment":[{"href":"https:\/\/modeconfort.com\/en\/wp-json\/wp\/v2\/media?parent=43647"}],"wp:term":[{"taxonomy":"product_brand","embeddable":true,"href":"https:\/\/modeconfort.com\/en\/wp-json\/wp\/v2\/product_brand?post=43647"},{"taxonomy":"product_cat","embeddable":true,"href":"https:\/\/modeconfort.com\/en\/wp-json\/wp\/v2\/product_cat?post=43647"},{"taxonomy":"product_tag","embeddable":true,"href":"https:\/\/modeconfort.com\/en\/wp-json\/wp\/v2\/product_tag?post=43647"}],"curies":[{"name":"wp","href":"https:\/\/api.w.org\/{rel}","templated":true}]}}