{"id":43550,"date":"2025-11-20T15:41:45","date_gmt":"2025-11-20T20:41:45","guid":{"rendered":"https:\/\/modeconfort.com\/product\/lace-top-458305120\/"},"modified":"2026-05-09T00:14:46","modified_gmt":"2026-05-09T04:14:46","slug":"lace-top-458305120","status":"publish","type":"product","link":"https:\/\/modeconfort.com\/en\/product\/lace-top-458305120\/","title":{"rendered":"Top Dentelle Mode Confort &#8211; Chic &amp; Confortable Femme"},"content":{"rendered":"<p>Lace top v neck sleeveless. Available in two colors.    <\/p>\n<p>D\u00e9couvrez une coupe flatteuse, un style chic intemporel et un confort adapt\u00e9 au climat canadien. Parfait pour le quotidien comme pour les occasions sp\u00e9ciales.<\/p>\n<p>D\u00e9couvrez une coupe flatteuse, un style chic intemporel et un confort adapt\u00e9 au climat canadien. Parfait pour le quotidien comme pour les occasions sp\u00e9ciales.<\/p>\n<p>D\u00e9couvrez une coupe flatteuse, un style chic intemporel et un confort adapt\u00e9 au climat canadien. Parfait pour le quotidien comme pour les occasions sp\u00e9ciales.<\/p>\n<div style=\"margin-top:20px;padding:15px;background:#f8f9fa;border-left:4px solid #2c3e50;border-radius:4px\">\n<p style=\"margin:0 0 8px;font-weight:bold\">Vous aimerez aussi :<\/p>\n<ul style=\"margin:0;padding-left:18px\">\n<li><a href=\"https:\/\/modeconfort.com\/en\/product\/top-458315108\/\">Top Mode Confort &#8211; D\u00e9contract\u00e9e Femme Canada \u2014 39.95 CAD<\/a><\/li>\n<li><a href=\"https:\/\/modeconfort.com\/en\/product\/top-458309232\/\">Top Confort D\u00e9contract\u00e9 Mode Confort &#8211; \u00c9l\u00e9gance Femme \u2014 39.95 CAD<\/a><\/li>\n<li><a href=\"https:\/\/modeconfort.com\/en\/product\/lace-top-458305121\/\">Top en Dentelle Mode Confort \u2013 \u00c9l\u00e9gance Femme \u2014 39.95 CAD<\/a><\/li>\n<\/ul>\n<\/div>","protected":false},"excerpt":{"rendered":"<p>Sublimez vos soir\u00e9es avec notre top en dentelle, alliant \u00e9l\u00e9gance et confort absolu.<\/p>","protected":false},"featured_media":43552,"comment_status":"open","ping_status":"closed","template":"","meta":{"_acf_changed":false},"product_brand":[],"product_cat":[215,314,149,328,172,179],"product_tag":[],"class_list":{"0":"post-43550","1":"product","2":"type-product","3":"status-publish","4":"has-post-thumbnail","6":"product_cat-basic","7":"product_cat-basic-t-shirts","8":"product_cat-new-collection","9":"product_cat-liquidation","10":"product_cat-t-shirts","11":"product_cat-tops","13":"first","14":"instock","15":"sale","16":"taxable","17":"shipping-taxable","18":"purchasable","19":"product-type-variable","20":"has-default-attributes"},"acf":[],"_links":{"self":[{"href":"https:\/\/modeconfort.com\/en\/wp-json\/wp\/v2\/product\/43550","targetHints":{"allow":["GET"]}}],"collection":[{"href":"https:\/\/modeconfort.com\/en\/wp-json\/wp\/v2\/product"}],"about":[{"href":"https:\/\/modeconfort.com\/en\/wp-json\/wp\/v2\/types\/product"}],"replies":[{"embeddable":true,"href":"https:\/\/modeconfort.com\/en\/wp-json\/wp\/v2\/comments?post=43550"}],"wp:featuredmedia":[{"embeddable":true,"href":"https:\/\/modeconfort.com\/en\/wp-json\/wp\/v2\/media\/43552"}],"wp:attachment":[{"href":"https:\/\/modeconfort.com\/en\/wp-json\/wp\/v2\/media?parent=43550"}],"wp:term":[{"taxonomy":"product_brand","embeddable":true,"href":"https:\/\/modeconfort.com\/en\/wp-json\/wp\/v2\/product_brand?post=43550"},{"taxonomy":"product_cat","embeddable":true,"href":"https:\/\/modeconfort.com\/en\/wp-json\/wp\/v2\/product_cat?post=43550"},{"taxonomy":"product_tag","embeddable":true,"href":"https:\/\/modeconfort.com\/en\/wp-json\/wp\/v2\/product_tag?post=43550"}],"curies":[{"name":"wp","href":"https:\/\/api.w.org\/{rel}","templated":true}]}}