{"id":43455,"date":"2025-11-20T15:41:14","date_gmt":"2025-11-20T20:41:14","guid":{"rendered":"https:\/\/modeconfort.com\/product\/reversible-parka-458102357\/"},"modified":"2026-04-27T05:35:40","modified_gmt":"2026-04-27T09:35:40","slug":"reversible-parka-458102357","status":"publish","type":"product","link":"https:\/\/modeconfort.com\/en\/product\/reversible-parka-458102357\/","title":{"rendered":"Parka R\u00e9versible Mode Confort \u00c9l\u00e9gante Femme"},"content":{"rendered":"<p>Avec la parka r\u00e9versible Mode Confort, vous rayonnez d&rsquo;une \u00e9l\u00e9gance naturelle, quelle que soit l&rsquo;occasion.<\/p>\n<p>Sa coupe pens\u00e9e pour votre confort et sa polyvalence en font le v\u00eatement id\u00e9al pour un d\u00eener en famille, une sortie culturelle ou une promenade chic. Profitez de deux styles en un, pour adapter votre allure \u00e0 chaque moment de votre journ\u00e9e.<\/p>\n<p>La qualit\u00e9 Mode Confort vous assure une pi\u00e8ce durable et facile d&rsquo;entretien. Sa coupe g\u00e9n\u00e9reuse et flatteuse sublime votre silhouette avec aisance.<\/p>","protected":false},"excerpt":{"rendered":"<p>Votre parka r\u00e9versible, \u00e9l\u00e9gante et douillette, vous accompagne avec style et confort lors de vos promenades automnales.<\/p>","protected":false},"featured_media":43457,"comment_status":"open","ping_status":"closed","template":"","meta":{"_acf_changed":false},"product_brand":[],"product_cat":[149,328,164],"product_tag":[],"class_list":{"0":"post-43455","1":"product","2":"type-product","3":"status-publish","4":"has-post-thumbnail","6":"product_cat-new-collection","7":"product_cat-liquidation","8":"product_cat-parkas","10":"first","11":"instock","12":"sale","13":"taxable","14":"shipping-taxable","15":"purchasable","16":"product-type-variable","17":"has-default-attributes"},"acf":[],"_links":{"self":[{"href":"https:\/\/modeconfort.com\/en\/wp-json\/wp\/v2\/product\/43455","targetHints":{"allow":["GET"]}}],"collection":[{"href":"https:\/\/modeconfort.com\/en\/wp-json\/wp\/v2\/product"}],"about":[{"href":"https:\/\/modeconfort.com\/en\/wp-json\/wp\/v2\/types\/product"}],"replies":[{"embeddable":true,"href":"https:\/\/modeconfort.com\/en\/wp-json\/wp\/v2\/comments?post=43455"}],"wp:featuredmedia":[{"embeddable":true,"href":"https:\/\/modeconfort.com\/en\/wp-json\/wp\/v2\/media\/43457"}],"wp:attachment":[{"href":"https:\/\/modeconfort.com\/en\/wp-json\/wp\/v2\/media?parent=43455"}],"wp:term":[{"taxonomy":"product_brand","embeddable":true,"href":"https:\/\/modeconfort.com\/en\/wp-json\/wp\/v2\/product_brand?post=43455"},{"taxonomy":"product_cat","embeddable":true,"href":"https:\/\/modeconfort.com\/en\/wp-json\/wp\/v2\/product_cat?post=43455"},{"taxonomy":"product_tag","embeddable":true,"href":"https:\/\/modeconfort.com\/en\/wp-json\/wp\/v2\/product_tag?post=43455"}],"curies":[{"name":"wp","href":"https:\/\/api.w.org\/{rel}","templated":true}]}}