{"id":43347,"date":"2025-11-20T15:40:44","date_gmt":"2025-11-20T20:40:44","guid":{"rendered":"https:\/\/modeconfort.com\/product\/ponte-di-roma-tro-457410316\/"},"modified":"2026-04-14T12:03:18","modified_gmt":"2026-04-14T16:03:18","slug":"ponte-di-roma-tro-457410316","status":"publish","type":"product","link":"https:\/\/modeconfort.com\/en\/product\/ponte-di-roma-tro-457410316\/","title":{"rendered":"Pantalon Ponte Di Roma Mode Confort Confort Chic Femme"},"content":{"rendered":"<p>Vous sentez la douceur enveloppante et l&rsquo;assurance d&rsquo;une \u00e9l\u00e9gance naturelle, peu importe l&rsquo;occasion.<\/p>\n<p>Ce pantalon Mode Confort est votre alli\u00e9 confort pour un d\u00eener en famille, une sortie culturelle ou une promenade chic. Sa coupe droite s&rsquo;adapte harmonieusement \u00e0 votre silhouette, offrant une libert\u00e9 de mouvement appr\u00e9ciable tout au long de la journ\u00e9e.<\/p>\n<p>Con\u00e7u pour durer, il incarne la qualit\u00e9 europ\u00e9enne et conserve son maintien lavage apr\u00e8s lavage. Sa coupe g\u00e9n\u00e9reuse s&rsquo;adapte \u00e0 toutes les silhouettes.<\/p>","protected":false},"excerpt":{"rendered":"<p>Pour vos journ\u00e9es actives ou vos soir\u00e9es d\u00e9tendues, vous appr\u00e9cierez le confort chic de notre pantalon Ponte Di Roma.<\/p>","protected":false},"featured_media":43349,"comment_status":"open","ping_status":"closed","template":"","meta":{"_acf_changed":false},"product_brand":[],"product_cat":[215,266,149,328,163],"product_tag":[],"class_list":{"0":"post-43347","1":"product","2":"type-product","3":"status-publish","4":"has-post-thumbnail","6":"product_cat-basic","7":"product_cat-basic-trouser","8":"product_cat-new-collection","9":"product_cat-liquidation","10":"product_cat-trousers","12":"first","13":"instock","14":"sale","15":"taxable","16":"shipping-taxable","17":"purchasable","18":"product-type-variable","19":"has-default-attributes"},"acf":[],"_links":{"self":[{"href":"https:\/\/modeconfort.com\/en\/wp-json\/wp\/v2\/product\/43347","targetHints":{"allow":["GET"]}}],"collection":[{"href":"https:\/\/modeconfort.com\/en\/wp-json\/wp\/v2\/product"}],"about":[{"href":"https:\/\/modeconfort.com\/en\/wp-json\/wp\/v2\/types\/product"}],"replies":[{"embeddable":true,"href":"https:\/\/modeconfort.com\/en\/wp-json\/wp\/v2\/comments?post=43347"}],"wp:featuredmedia":[{"embeddable":true,"href":"https:\/\/modeconfort.com\/en\/wp-json\/wp\/v2\/media\/43349"}],"wp:attachment":[{"href":"https:\/\/modeconfort.com\/en\/wp-json\/wp\/v2\/media?parent=43347"}],"wp:term":[{"taxonomy":"product_brand","embeddable":true,"href":"https:\/\/modeconfort.com\/en\/wp-json\/wp\/v2\/product_brand?post=43347"},{"taxonomy":"product_cat","embeddable":true,"href":"https:\/\/modeconfort.com\/en\/wp-json\/wp\/v2\/product_cat?post=43347"},{"taxonomy":"product_tag","embeddable":true,"href":"https:\/\/modeconfort.com\/en\/wp-json\/wp\/v2\/product_tag?post=43347"}],"curies":[{"name":"wp","href":"https:\/\/api.w.org\/{rel}","templated":true}]}}