{"id":43329,"date":"2025-11-20T15:40:39","date_gmt":"2025-11-20T20:40:39","guid":{"rendered":"https:\/\/modeconfort.com\/product\/ponte-di-roma-tro-457410143\/"},"modified":"2026-04-14T12:03:22","modified_gmt":"2026-04-14T16:03:22","slug":"ponte-di-roma-tro-457410143","status":"publish","type":"product","link":"https:\/\/modeconfort.com\/en\/product\/ponte-di-roma-tro-457410143\/","title":{"rendered":"Pantalon Confort Mode Confort &#8211; Style D\u00e9contract\u00e9 Femme"},"content":{"rendered":"<p>Sentez-vous parfaitement \u00e0 l&rsquo;aise et \u00e9l\u00e9gante, de la t\u00eate aux pieds, avec notre pantalon Ponte di Roma. Sa coupe impeccable et son tissu souple vous offrent un confort divin pour un d\u00eener en famille, une sortie culturelle ou une promenade chic. Con\u00e7u par Mode Confort, gage de qualit\u00e9 europ\u00e9enne, ce pantalon \u00e9pouse gracieusement votre silhouette, la mettant en valeur avec subtilit\u00e9. Facile d&rsquo;entretien, il est votre alli\u00e9 mode pour toutes les occasions. Sa coupe g\u00e9n\u00e9reuse s&rsquo;adapte \u00e0 toutes les silhouettes.<\/p>","protected":false},"excerpt":{"rendered":"<p>Pour vos journ\u00e9es actives ou vos sorties d\u00e9contract\u00e9es, ce pantalon \u00e9l\u00e9gant vous assure un confort in\u00e9gal\u00e9 tout au long de la journ\u00e9e.<\/p>","protected":false},"featured_media":43331,"comment_status":"open","ping_status":"closed","template":"","meta":{"_acf_changed":false},"product_brand":[],"product_cat":[215,266,149,328,163],"product_tag":[],"class_list":{"0":"post-43329","1":"product","2":"type-product","3":"status-publish","4":"has-post-thumbnail","6":"product_cat-basic","7":"product_cat-basic-trouser","8":"product_cat-new-collection","9":"product_cat-liquidation","10":"product_cat-trousers","12":"first","13":"instock","14":"sale","15":"taxable","16":"shipping-taxable","17":"purchasable","18":"product-type-variable","19":"has-default-attributes"},"acf":[],"_links":{"self":[{"href":"https:\/\/modeconfort.com\/en\/wp-json\/wp\/v2\/product\/43329","targetHints":{"allow":["GET"]}}],"collection":[{"href":"https:\/\/modeconfort.com\/en\/wp-json\/wp\/v2\/product"}],"about":[{"href":"https:\/\/modeconfort.com\/en\/wp-json\/wp\/v2\/types\/product"}],"replies":[{"embeddable":true,"href":"https:\/\/modeconfort.com\/en\/wp-json\/wp\/v2\/comments?post=43329"}],"wp:featuredmedia":[{"embeddable":true,"href":"https:\/\/modeconfort.com\/en\/wp-json\/wp\/v2\/media\/43331"}],"wp:attachment":[{"href":"https:\/\/modeconfort.com\/en\/wp-json\/wp\/v2\/media?parent=43329"}],"wp:term":[{"taxonomy":"product_brand","embeddable":true,"href":"https:\/\/modeconfort.com\/en\/wp-json\/wp\/v2\/product_brand?post=43329"},{"taxonomy":"product_cat","embeddable":true,"href":"https:\/\/modeconfort.com\/en\/wp-json\/wp\/v2\/product_cat?post=43329"},{"taxonomy":"product_tag","embeddable":true,"href":"https:\/\/modeconfort.com\/en\/wp-json\/wp\/v2\/product_tag?post=43329"}],"curies":[{"name":"wp","href":"https:\/\/api.w.org\/{rel}","templated":true}]}}