{"id":43260,"date":"2025-11-20T15:40:19","date_gmt":"2025-11-20T20:40:19","guid":{"rendered":"https:\/\/modeconfort.com\/product\/capri-trousers-457114120\/"},"modified":"2026-04-14T12:03:34","modified_gmt":"2026-04-14T16:03:34","slug":"capri-trousers-457114120","status":"publish","type":"product","link":"https:\/\/modeconfort.com\/en\/product\/capri-trousers-457114120\/","title":{"rendered":"Pantalon Capri Mode Confort Confort \u00c9l\u00e9gant Femme"},"content":{"rendered":"<p>Imaginez-vous rayonnante, alliant aisance et raffinement, peu importe l&rsquo;occasion.<\/p>\n<p>Ce pantalon capri Mode Confort vous offre une coupe impeccable qui sublime votre silhouette, tout en vous garantissant un confort absolu pour une promenade \u00e9l\u00e9gante ou un d\u00eener en famille. Sa mati\u00e8re de haute qualit\u00e9 europ\u00e9enne assure une tenue impeccable et un entretien des plus simples, vous lib\u00e9rant du souci des retouches. Sa coupe g\u00e9n\u00e9reuse s&rsquo;adapte \u00e0 toutes les silhouettes.<\/p>","protected":false},"excerpt":{"rendered":"<p>Pour vos apr\u00e8s-midis en ville, ces capris vous enveloppent d&rsquo;un confort \u00e9l\u00e9gant.<\/p>","protected":false},"featured_media":43262,"comment_status":"open","ping_status":"closed","template":"","meta":{"_acf_changed":false},"product_brand":[],"product_cat":[149,328,163],"product_tag":[],"class_list":{"0":"post-43260","1":"product","2":"type-product","3":"status-publish","4":"has-post-thumbnail","6":"product_cat-new-collection","7":"product_cat-liquidation","8":"product_cat-trousers","10":"first","11":"instock","12":"sale","13":"taxable","14":"shipping-taxable","15":"purchasable","16":"product-type-variable","17":"has-default-attributes"},"acf":[],"_links":{"self":[{"href":"https:\/\/modeconfort.com\/en\/wp-json\/wp\/v2\/product\/43260","targetHints":{"allow":["GET"]}}],"collection":[{"href":"https:\/\/modeconfort.com\/en\/wp-json\/wp\/v2\/product"}],"about":[{"href":"https:\/\/modeconfort.com\/en\/wp-json\/wp\/v2\/types\/product"}],"replies":[{"embeddable":true,"href":"https:\/\/modeconfort.com\/en\/wp-json\/wp\/v2\/comments?post=43260"}],"wp:featuredmedia":[{"embeddable":true,"href":"https:\/\/modeconfort.com\/en\/wp-json\/wp\/v2\/media\/43262"}],"wp:attachment":[{"href":"https:\/\/modeconfort.com\/en\/wp-json\/wp\/v2\/media?parent=43260"}],"wp:term":[{"taxonomy":"product_brand","embeddable":true,"href":"https:\/\/modeconfort.com\/en\/wp-json\/wp\/v2\/product_brand?post=43260"},{"taxonomy":"product_cat","embeddable":true,"href":"https:\/\/modeconfort.com\/en\/wp-json\/wp\/v2\/product_cat?post=43260"},{"taxonomy":"product_tag","embeddable":true,"href":"https:\/\/modeconfort.com\/en\/wp-json\/wp\/v2\/product_tag?post=43260"}],"curies":[{"name":"wp","href":"https:\/\/api.w.org\/{rel}","templated":true}]}}