{"id":43178,"date":"2025-11-20T15:39:50","date_gmt":"2025-11-20T20:39:50","guid":{"rendered":"https:\/\/modeconfort.com\/product\/basic-semi-turtle-456099143\/"},"modified":"2026-04-14T12:03:50","modified_gmt":"2026-04-14T16:03:50","slug":"basic-semi-turtle-456099143","status":"publish","type":"product","link":"https:\/\/modeconfort.com\/en\/product\/basic-semi-turtle-456099143\/","title":{"rendered":"Pull Col Roul\u00e9 Doux Mode Confort \u2013 Confort \u00c9l\u00e9gant Femme"},"content":{"rendered":"<p>Vous vous sentez instantan\u00e9ment envelopp\u00e9e d&rsquo;une douceur raffin\u00e9e, pr\u00eate \u00e0 savourer chaque instant. Ce col semi-montant Mode Confort, \u00e0 la coupe impeccable, est id\u00e9al pour un d\u00eener \u00e9l\u00e9gant ou une sortie culturelle. Il offre un confort absolu sans jamais sacrifier votre allure. Con\u00e7u pour flatter votre silhouette, ce basique de qualit\u00e9 europ\u00e9enne est facile d&rsquo;entretien et deviendra vite un incontournable. Sa coupe g\u00e9n\u00e9reuse s&rsquo;adapte \u00e0 toutes les silhouettes.<\/p>","protected":false},"excerpt":{"rendered":"<p>Pour vos sorties d\u00e9contract\u00e9es, ce col roul\u00e9 vous enveloppe d&rsquo;une douceur \u00e9l\u00e9gante et d&rsquo;un confort absolu.<\/p>","protected":false},"featured_media":43180,"comment_status":"open","ping_status":"closed","template":"","meta":{"_acf_changed":false},"product_brand":[],"product_cat":[215,324,149,328,177],"product_tag":[],"class_list":{"0":"post-43178","1":"product","2":"type-product","3":"status-publish","4":"has-post-thumbnail","6":"product_cat-basic","7":"product_cat-basic-sweaters","8":"product_cat-new-collection","9":"product_cat-liquidation","10":"product_cat-sweaters","12":"first","13":"instock","14":"sale","15":"taxable","16":"shipping-taxable","17":"purchasable","18":"product-type-variable","19":"has-default-attributes"},"acf":[],"_links":{"self":[{"href":"https:\/\/modeconfort.com\/en\/wp-json\/wp\/v2\/product\/43178","targetHints":{"allow":["GET"]}}],"collection":[{"href":"https:\/\/modeconfort.com\/en\/wp-json\/wp\/v2\/product"}],"about":[{"href":"https:\/\/modeconfort.com\/en\/wp-json\/wp\/v2\/types\/product"}],"replies":[{"embeddable":true,"href":"https:\/\/modeconfort.com\/en\/wp-json\/wp\/v2\/comments?post=43178"}],"wp:featuredmedia":[{"embeddable":true,"href":"https:\/\/modeconfort.com\/en\/wp-json\/wp\/v2\/media\/43180"}],"wp:attachment":[{"href":"https:\/\/modeconfort.com\/en\/wp-json\/wp\/v2\/media?parent=43178"}],"wp:term":[{"taxonomy":"product_brand","embeddable":true,"href":"https:\/\/modeconfort.com\/en\/wp-json\/wp\/v2\/product_brand?post=43178"},{"taxonomy":"product_cat","embeddable":true,"href":"https:\/\/modeconfort.com\/en\/wp-json\/wp\/v2\/product_cat?post=43178"},{"taxonomy":"product_tag","embeddable":true,"href":"https:\/\/modeconfort.com\/en\/wp-json\/wp\/v2\/product_tag?post=43178"}],"curies":[{"name":"wp","href":"https:\/\/api.w.org\/{rel}","templated":true}]}}