{"id":42655,"date":"2025-11-20T15:37:41","date_gmt":"2025-11-20T20:37:41","guid":{"rendered":"https:\/\/modeconfort.com\/product\/padded-jacket-452254129\/"},"modified":"2026-04-18T11:20:16","modified_gmt":"2026-04-18T15:20:16","slug":"padded-jacket-452254129","status":"publish","type":"product","link":"https:\/\/modeconfort.com\/en\/product\/padded-jacket-452254129\/","title":{"rendered":"Veste Matelass\u00e9e Mode Confort &#8211; Confort Douillet Mode Femme"},"content":{"rendered":"<p>Vous vous sentez envelopp\u00e9e d&rsquo;une douceur r\u00e9confortante et d&rsquo;une \u00e9l\u00e9gance discr\u00e8te. Cette veste matelass\u00e9e Mode Confort, l\u00e9g\u00e8re et bien coup\u00e9e, est votre alli\u00e9e parfaite pour un d\u00eener en famille ou une sortie culturelle. Elle allie un confort in\u00e9gal\u00e9 \u00e0 un style raffin\u00e9, vous permettant de rester chic sans effort. Con\u00e7ue avec la qualit\u00e9 europ\u00e9enne de Mode Confort, sa coupe flatteuse sublime votre silhouette. Facile \u00e0 entretenir, elle vous accompagne avec aisance. Sa coupe g\u00e9n\u00e9reuse s&rsquo;adapte \u00e0 toutes les silhouettes.<\/p>","protected":false},"excerpt":{"rendered":"<p>Pour vos sorties automnales, cette veste matelass\u00e9e vous enveloppe d&rsquo;une \u00e9l\u00e9gance r\u00e9confortante et d&rsquo;un confort douillet.<\/p>","protected":false},"featured_media":42657,"comment_status":"open","ping_status":"closed","template":"","meta":{"_acf_changed":false},"product_brand":[],"product_cat":[149,174,328,207,260],"product_tag":[],"class_list":{"0":"post-42655","1":"product","2":"type-product","3":"status-publish","4":"has-post-thumbnail","6":"product_cat-new-collection","7":"product_cat-jackets","8":"product_cat-liquidation","9":"product_cat-sport","10":"product_cat-sport-jacket","12":"first","13":"instock","14":"sale","15":"taxable","16":"shipping-taxable","17":"purchasable","18":"product-type-variable","19":"has-default-attributes"},"acf":[],"_links":{"self":[{"href":"https:\/\/modeconfort.com\/en\/wp-json\/wp\/v2\/product\/42655","targetHints":{"allow":["GET"]}}],"collection":[{"href":"https:\/\/modeconfort.com\/en\/wp-json\/wp\/v2\/product"}],"about":[{"href":"https:\/\/modeconfort.com\/en\/wp-json\/wp\/v2\/types\/product"}],"replies":[{"embeddable":true,"href":"https:\/\/modeconfort.com\/en\/wp-json\/wp\/v2\/comments?post=42655"}],"wp:featuredmedia":[{"embeddable":true,"href":"https:\/\/modeconfort.com\/en\/wp-json\/wp\/v2\/media\/42657"}],"wp:attachment":[{"href":"https:\/\/modeconfort.com\/en\/wp-json\/wp\/v2\/media?parent=42655"}],"wp:term":[{"taxonomy":"product_brand","embeddable":true,"href":"https:\/\/modeconfort.com\/en\/wp-json\/wp\/v2\/product_brand?post=42655"},{"taxonomy":"product_cat","embeddable":true,"href":"https:\/\/modeconfort.com\/en\/wp-json\/wp\/v2\/product_cat?post=42655"},{"taxonomy":"product_tag","embeddable":true,"href":"https:\/\/modeconfort.com\/en\/wp-json\/wp\/v2\/product_tag?post=42655"}],"curies":[{"name":"wp","href":"https:\/\/api.w.org\/{rel}","templated":true}]}}