{"id":42099,"date":"2025-10-09T16:03:00","date_gmt":"2025-10-09T20:03:00","guid":{"rendered":"https:\/\/modeconfort.com\/product\/long-floral-dress-448656\/"},"modified":"2026-04-17T14:44:16","modified_gmt":"2026-04-17T18:44:16","slug":"long-floral-dress-448656","status":"publish","type":"product","link":"https:\/\/modeconfort.com\/en\/product\/long-floral-dress-448656\/","title":{"rendered":"Robe florale printani\u00e8re Punt Roma &#8211; Confort \u00c9l\u00e9gant Femme"},"content":{"rendered":"<p>Dans cette robe florale Mode Confort, vous vous sentirez \u00e0 la fois \u00e9l\u00e9gante et libre, rayonnante d&rsquo;une confiance naturelle. Sa coupe fluide et a\u00e9r\u00e9e \u00e9pouse d\u00e9licatement votre silhouette, offrant un confort absolu, parfait pour un d\u00eener en famille, une exposition ou une douce promenade. Confectionn\u00e9e avec la qualit\u00e9 europ\u00e9enne de Mode Confort, cette pi\u00e8ce durable et facile d&rsquo;entretien vous assure une allure impeccable en toute occasion. Sa coupe g\u00e9n\u00e9reuse s&rsquo;adapte avec gr\u00e2ce \u00e0 toutes les silhouettes.<\/p>","protected":false},"excerpt":{"rendered":"<p>Pour vos sorties printani\u00e8res, cette robe florale vous assure une \u00e9l\u00e9gance et un confort absolus.<\/p>","protected":false},"featured_media":42101,"comment_status":"open","ping_status":"closed","template":"","meta":{"_acf_changed":false},"product_brand":[],"product_cat":[149,165],"product_tag":[],"class_list":{"0":"post-42099","1":"product","2":"type-product","3":"status-publish","4":"has-post-thumbnail","6":"product_cat-new-collection","7":"product_cat-dresses","9":"first","10":"instock","11":"sale","12":"taxable","13":"shipping-taxable","14":"purchasable","15":"product-type-variable","16":"has-default-attributes"},"acf":[],"_links":{"self":[{"href":"https:\/\/modeconfort.com\/en\/wp-json\/wp\/v2\/product\/42099","targetHints":{"allow":["GET"]}}],"collection":[{"href":"https:\/\/modeconfort.com\/en\/wp-json\/wp\/v2\/product"}],"about":[{"href":"https:\/\/modeconfort.com\/en\/wp-json\/wp\/v2\/types\/product"}],"replies":[{"embeddable":true,"href":"https:\/\/modeconfort.com\/en\/wp-json\/wp\/v2\/comments?post=42099"}],"wp:featuredmedia":[{"embeddable":true,"href":"https:\/\/modeconfort.com\/en\/wp-json\/wp\/v2\/media\/42101"}],"wp:attachment":[{"href":"https:\/\/modeconfort.com\/en\/wp-json\/wp\/v2\/media?parent=42099"}],"wp:term":[{"taxonomy":"product_brand","embeddable":true,"href":"https:\/\/modeconfort.com\/en\/wp-json\/wp\/v2\/product_brand?post=42099"},{"taxonomy":"product_cat","embeddable":true,"href":"https:\/\/modeconfort.com\/en\/wp-json\/wp\/v2\/product_cat?post=42099"},{"taxonomy":"product_tag","embeddable":true,"href":"https:\/\/modeconfort.com\/en\/wp-json\/wp\/v2\/product_tag?post=42099"}],"curies":[{"name":"wp","href":"https:\/\/api.w.org\/{rel}","templated":true}]}}