{"id":41706,"date":"2025-10-09T15:59:27","date_gmt":"2025-10-09T19:59:27","guid":{"rendered":"https:\/\/modeconfort.com\/product\/fuchsia-trousers-447038\/"},"modified":"2026-04-20T18:31:23","modified_gmt":"2026-04-20T22:31:23","slug":"fuchsia-trousers-447038","status":"publish","type":"product","link":"https:\/\/modeconfort.com\/en\/product\/fuchsia-trousers-447038\/","title":{"rendered":"Pantalon Fuchsia Confort Punt Roma &#8211; Mode Femme"},"content":{"rendered":"<p>Imaginez-vous rayonnante, pleine de confiance, le fuchsia vibrant de ce pantalon illuminant votre journ\u00e9e. Sa coupe droite, impeccablement pens\u00e9e pour votre silhouette, vous offre une libert\u00e9 de mouvement et un confort absolu, parfait pour un d\u00eener en famille, une exposition ou une promenade \u00e9l\u00e9gante. Confectionn\u00e9 par Mode Confort, gage de qualit\u00e9 europ\u00e9enne, ce pantalon allie durabilit\u00e9 et style intemporel. Sa coupe flatteuse s&rsquo;adapte avec aisance et est d&rsquo;une facilit\u00e9 d&rsquo;entretien remarquable.<\/p>","protected":false},"excerpt":{"rendered":"<p>\u00c9l\u00e9gant pour un d\u00e9jeuner entre amies, ce pantalon fuchsia vous assure un confort sans faille tout au long de la journ\u00e9e.<\/p>","protected":false},"featured_media":41708,"comment_status":"open","ping_status":"closed","template":"","meta":{"_acf_changed":false},"product_brand":[],"product_cat":[149,163],"product_tag":[],"class_list":{"0":"post-41706","1":"product","2":"type-product","3":"status-publish","4":"has-post-thumbnail","6":"product_cat-new-collection","7":"product_cat-trousers","9":"first","10":"instock","11":"sale","12":"taxable","13":"shipping-taxable","14":"purchasable","15":"product-type-variable","16":"has-default-attributes"},"acf":[],"_links":{"self":[{"href":"https:\/\/modeconfort.com\/en\/wp-json\/wp\/v2\/product\/41706","targetHints":{"allow":["GET"]}}],"collection":[{"href":"https:\/\/modeconfort.com\/en\/wp-json\/wp\/v2\/product"}],"about":[{"href":"https:\/\/modeconfort.com\/en\/wp-json\/wp\/v2\/types\/product"}],"replies":[{"embeddable":true,"href":"https:\/\/modeconfort.com\/en\/wp-json\/wp\/v2\/comments?post=41706"}],"wp:featuredmedia":[{"embeddable":true,"href":"https:\/\/modeconfort.com\/en\/wp-json\/wp\/v2\/media\/41708"}],"wp:attachment":[{"href":"https:\/\/modeconfort.com\/en\/wp-json\/wp\/v2\/media?parent=41706"}],"wp:term":[{"taxonomy":"product_brand","embeddable":true,"href":"https:\/\/modeconfort.com\/en\/wp-json\/wp\/v2\/product_brand?post=41706"},{"taxonomy":"product_cat","embeddable":true,"href":"https:\/\/modeconfort.com\/en\/wp-json\/wp\/v2\/product_cat?post=41706"},{"taxonomy":"product_tag","embeddable":true,"href":"https:\/\/modeconfort.com\/en\/wp-json\/wp\/v2\/product_tag?post=41706"}],"curies":[{"name":"wp","href":"https:\/\/api.w.org\/{rel}","templated":true}]}}