{"id":41623,"date":"2025-10-09T15:58:07","date_gmt":"2025-10-09T19:58:07","guid":{"rendered":"https:\/\/modeconfort.com\/product\/floral-print-skirt-445618\/"},"modified":"2026-04-15T11:32:19","modified_gmt":"2026-04-15T15:32:19","slug":"floral-print-skirt-445618","status":"publish","type":"product","link":"https:\/\/modeconfort.com\/en\/product\/floral-print-skirt-445618\/","title":{"rendered":"Jupe Mode Confort &#8211; Fu00e9minine Femme Canada"},"content":{"rendered":"<p>En enfilant cette jupe florale, vous vous sentez instantan\u00e9ment radieuse et pleine de vie. Sa coupe \u00e9vas\u00e9e, pens\u00e9e pour votre confort, sublime votre silhouette tout en vous offrant une libert\u00e9 de mouvement appr\u00e9ciable, id\u00e9ale pour un d\u00eener en famille ou une sortie culturelle. Con\u00e7ue par Mode Confort, gage de qualit\u00e9 europ\u00e9enne, elle est facile d&rsquo;entretien et conserve son \u00e9clat lavage apr\u00e8s lavage. Sa coupe g\u00e9n\u00e9reuse s&rsquo;adapte \u00e0 toutes les silhouettes.<\/p>","protected":false},"excerpt":{"rendered":"<p>Pour vos journ\u00e9es ensoleill\u00e9es, cette jupe fleurie vous assure une \u00e9l\u00e9gance d\u00e9contract\u00e9e et un confort absolu.<\/p>","protected":false},"featured_media":41625,"comment_status":"open","ping_status":"closed","template":"","meta":{"_acf_changed":false},"product_brand":[],"product_cat":[149,161],"product_tag":[],"class_list":{"0":"post-41623","1":"product","2":"type-product","3":"status-publish","4":"has-post-thumbnail","6":"product_cat-new-collection","7":"product_cat-skirts","9":"first","10":"instock","11":"sale","12":"taxable","13":"shipping-taxable","14":"purchasable","15":"product-type-variable","16":"has-default-attributes"},"acf":[],"_links":{"self":[{"href":"https:\/\/modeconfort.com\/en\/wp-json\/wp\/v2\/product\/41623","targetHints":{"allow":["GET"]}}],"collection":[{"href":"https:\/\/modeconfort.com\/en\/wp-json\/wp\/v2\/product"}],"about":[{"href":"https:\/\/modeconfort.com\/en\/wp-json\/wp\/v2\/types\/product"}],"replies":[{"embeddable":true,"href":"https:\/\/modeconfort.com\/en\/wp-json\/wp\/v2\/comments?post=41623"}],"wp:featuredmedia":[{"embeddable":true,"href":"https:\/\/modeconfort.com\/en\/wp-json\/wp\/v2\/media\/41625"}],"wp:attachment":[{"href":"https:\/\/modeconfort.com\/en\/wp-json\/wp\/v2\/media?parent=41623"}],"wp:term":[{"taxonomy":"product_brand","embeddable":true,"href":"https:\/\/modeconfort.com\/en\/wp-json\/wp\/v2\/product_brand?post=41623"},{"taxonomy":"product_cat","embeddable":true,"href":"https:\/\/modeconfort.com\/en\/wp-json\/wp\/v2\/product_cat?post=41623"},{"taxonomy":"product_tag","embeddable":true,"href":"https:\/\/modeconfort.com\/en\/wp-json\/wp\/v2\/product_tag?post=41623"}],"curies":[{"name":"wp","href":"https:\/\/api.w.org\/{rel}","templated":true}]}}