{"id":41532,"date":"2025-10-09T15:57:15","date_gmt":"2025-10-09T19:57:15","guid":{"rendered":"https:\/\/modeconfort.com\/product\/foulard-443705\/"},"modified":"2026-04-14T18:13:52","modified_gmt":"2026-04-14T22:13:52","slug":"foulard-443705","status":"publish","type":"product","link":"https:\/\/modeconfort.com\/en\/product\/foulard-443705\/","title":{"rendered":"Foulard 443705"},"content":{"rendered":"<p>Enveloppez-vous de douceur et de raffinement, vous vous sentez instantan\u00e9ment plus \u00e9l\u00e9gante et confiante. Ce foulard Mode Confort, d\u00e9licatement textur\u00e9, est l&rsquo;accessoire parfait pour rehausser toutes vos tenues, d&rsquo;une promenade chic \u00e0 un d\u00eener en famille. Id\u00e9al pour apporter une touche de couleur ou de chaleur discr\u00e8te, il sublime votre silhouette avec aisance. Con\u00e7u par Mode Confort, gage de qualit\u00e9 europ\u00e9enne, il est aussi facile \u00e0 entretenir qu&rsquo;agr\u00e9able \u00e0 porter. Sa coupe g\u00e9n\u00e9reuse s&rsquo;adapte harmonieusement \u00e0 toutes les silhouettes.<\/p>","protected":false},"excerpt":{"rendered":"<p>Pour vos sorties \u00e9l\u00e9gantes, ce foulard vous enveloppe de douceur, un confort raffin\u00e9 qui vous suit partout.<\/p>","protected":false},"featured_media":41535,"comment_status":"open","ping_status":"closed","template":"","meta":{"_acf_changed":false},"product_brand":[],"product_cat":[202,149,157],"product_tag":[],"class_list":{"0":"post-41532","1":"product","2":"type-product","3":"status-publish","4":"has-post-thumbnail","6":"product_cat-accessories","7":"product_cat-new-collection","8":"product_cat-scarves","10":"first","11":"instock","12":"taxable","13":"shipping-taxable","14":"purchasable","15":"product-type-variable","16":"has-default-attributes"},"acf":[],"_links":{"self":[{"href":"https:\/\/modeconfort.com\/en\/wp-json\/wp\/v2\/product\/41532","targetHints":{"allow":["GET"]}}],"collection":[{"href":"https:\/\/modeconfort.com\/en\/wp-json\/wp\/v2\/product"}],"about":[{"href":"https:\/\/modeconfort.com\/en\/wp-json\/wp\/v2\/types\/product"}],"replies":[{"embeddable":true,"href":"https:\/\/modeconfort.com\/en\/wp-json\/wp\/v2\/comments?post=41532"}],"wp:featuredmedia":[{"embeddable":true,"href":"https:\/\/modeconfort.com\/en\/wp-json\/wp\/v2\/media\/41535"}],"wp:attachment":[{"href":"https:\/\/modeconfort.com\/en\/wp-json\/wp\/v2\/media?parent=41532"}],"wp:term":[{"taxonomy":"product_brand","embeddable":true,"href":"https:\/\/modeconfort.com\/en\/wp-json\/wp\/v2\/product_brand?post=41532"},{"taxonomy":"product_cat","embeddable":true,"href":"https:\/\/modeconfort.com\/en\/wp-json\/wp\/v2\/product_cat?post=41532"},{"taxonomy":"product_tag","embeddable":true,"href":"https:\/\/modeconfort.com\/en\/wp-json\/wp\/v2\/product_tag?post=41532"}],"curies":[{"name":"wp","href":"https:\/\/api.w.org\/{rel}","templated":true}]}}