{"id":41525,"date":"2025-10-09T15:57:15","date_gmt":"2025-10-09T19:57:15","guid":{"rendered":"https:\/\/modeconfort.com\/product\/foulard-443701\/"},"modified":"2026-04-14T18:13:56","modified_gmt":"2026-04-14T22:13:56","slug":"foulard-443701","status":"publish","type":"product","link":"https:\/\/modeconfort.com\/en\/product\/foulard-443701\/","title":{"rendered":"Foulard 443701"},"content":{"rendered":"<p>Ce foulard Mode Confort vous enveloppe d&rsquo;une douce \u00e9l\u00e9gance, vous faisant rayonner de confiance. Id\u00e9al pour rehausser une tenue simple ou compl\u00e9ter un ensemble sophistiqu\u00e9, il est parfait pour un d\u00eener en famille ou une sortie culturelle. Sa mati\u00e8re d\u00e9licate caresse la peau et sa coupe g\u00e9n\u00e9reuse offre un tomb\u00e9 impeccable, sublimant votre silhouette avec gr\u00e2ce. Facile d&rsquo;entretien et t\u00e9moin de la qualit\u00e9 europ\u00e9enne de Mode Confort, c&rsquo;est l&rsquo;accessoire qui vous accompagne partout.<\/p>","protected":false},"excerpt":{"rendered":"<p>Pour vos soir\u00e9es \u00e9l\u00e9gantes, ce foulard vous enveloppe d&rsquo;une douceur rassurante.<\/p>","protected":false},"featured_media":41529,"comment_status":"open","ping_status":"closed","template":"","meta":{"_acf_changed":false},"product_brand":[],"product_cat":[202,149,157],"product_tag":[],"class_list":{"0":"post-41525","1":"product","2":"type-product","3":"status-publish","4":"has-post-thumbnail","6":"product_cat-accessories","7":"product_cat-new-collection","8":"product_cat-scarves","10":"first","11":"instock","12":"taxable","13":"shipping-taxable","14":"purchasable","15":"product-type-variable","16":"has-default-attributes"},"acf":[],"_links":{"self":[{"href":"https:\/\/modeconfort.com\/en\/wp-json\/wp\/v2\/product\/41525","targetHints":{"allow":["GET"]}}],"collection":[{"href":"https:\/\/modeconfort.com\/en\/wp-json\/wp\/v2\/product"}],"about":[{"href":"https:\/\/modeconfort.com\/en\/wp-json\/wp\/v2\/types\/product"}],"replies":[{"embeddable":true,"href":"https:\/\/modeconfort.com\/en\/wp-json\/wp\/v2\/comments?post=41525"}],"wp:featuredmedia":[{"embeddable":true,"href":"https:\/\/modeconfort.com\/en\/wp-json\/wp\/v2\/media\/41529"}],"wp:attachment":[{"href":"https:\/\/modeconfort.com\/en\/wp-json\/wp\/v2\/media?parent=41525"}],"wp:term":[{"taxonomy":"product_brand","embeddable":true,"href":"https:\/\/modeconfort.com\/en\/wp-json\/wp\/v2\/product_brand?post=41525"},{"taxonomy":"product_cat","embeddable":true,"href":"https:\/\/modeconfort.com\/en\/wp-json\/wp\/v2\/product_cat?post=41525"},{"taxonomy":"product_tag","embeddable":true,"href":"https:\/\/modeconfort.com\/en\/wp-json\/wp\/v2\/product_tag?post=41525"}],"curies":[{"name":"wp","href":"https:\/\/api.w.org\/{rel}","templated":true}]}}