{"id":41484,"date":"2025-10-09T15:56:52","date_gmt":"2025-10-09T19:56:52","guid":{"rendered":"https:\/\/modeconfort.com\/product\/shoulder-bag-442337\/"},"modified":"2026-04-15T14:37:03","modified_gmt":"2026-04-15T18:37:03","slug":"shoulder-bag-442337","status":"publish","type":"product","link":"https:\/\/modeconfort.com\/en\/product\/shoulder-bag-442337\/","title":{"rendered":"Sac Mode Confort &#8211; Mode Femme Canada"},"content":{"rendered":"<p>Sentez-vous \u00e9l\u00e9gante et parfaitement organis\u00e9e, que ce soit pour un d\u00eener en famille ou une sortie culturelle. Ce sac \u00e0 bandouli\u00e8re Mode Confort, \u00e0 la fois pratique et raffin\u00e9, offre l&rsquo;espace id\u00e9al pour vos essentiels, vous accompagnant avec distinction. Con\u00e7u avec l&rsquo;expertise europ\u00e9enne de Mode Confort, il allie durabilit\u00e9 et style intemporel. Sa silhouette structur\u00e9e compl\u00e9mente harmonieusement votre allure, ajoutant une touche finale sophistiqu\u00e9e \u00e0 chaque tenue.<\/p>","protected":false},"excerpt":{"rendered":"<p>Pour vos sorties \u00e9l\u00e9gantes, ce sac \u00e0 l&rsquo;\u00e9paule vous offre un confort raffin\u00e9.<\/p>","protected":false},"featured_media":41486,"comment_status":"open","ping_status":"closed","template":"","meta":{"_acf_changed":false},"product_brand":[],"product_cat":[202,203,149],"product_tag":[],"class_list":{"0":"post-41484","1":"product","2":"type-product","3":"status-publish","4":"has-post-thumbnail","6":"product_cat-accessories","7":"product_cat-bags","8":"product_cat-new-collection","10":"first","11":"instock","12":"taxable","13":"shipping-taxable","14":"purchasable","15":"product-type-variable","16":"has-default-attributes"},"acf":[],"_links":{"self":[{"href":"https:\/\/modeconfort.com\/en\/wp-json\/wp\/v2\/product\/41484","targetHints":{"allow":["GET"]}}],"collection":[{"href":"https:\/\/modeconfort.com\/en\/wp-json\/wp\/v2\/product"}],"about":[{"href":"https:\/\/modeconfort.com\/en\/wp-json\/wp\/v2\/types\/product"}],"replies":[{"embeddable":true,"href":"https:\/\/modeconfort.com\/en\/wp-json\/wp\/v2\/comments?post=41484"}],"wp:featuredmedia":[{"embeddable":true,"href":"https:\/\/modeconfort.com\/en\/wp-json\/wp\/v2\/media\/41486"}],"wp:attachment":[{"href":"https:\/\/modeconfort.com\/en\/wp-json\/wp\/v2\/media?parent=41484"}],"wp:term":[{"taxonomy":"product_brand","embeddable":true,"href":"https:\/\/modeconfort.com\/en\/wp-json\/wp\/v2\/product_brand?post=41484"},{"taxonomy":"product_cat","embeddable":true,"href":"https:\/\/modeconfort.com\/en\/wp-json\/wp\/v2\/product_cat?post=41484"},{"taxonomy":"product_tag","embeddable":true,"href":"https:\/\/modeconfort.com\/en\/wp-json\/wp\/v2\/product_tag?post=41484"}],"curies":[{"name":"wp","href":"https:\/\/api.w.org\/{rel}","templated":true}]}}