{"id":41461,"date":"2025-10-09T15:56:40","date_gmt":"2025-10-09T19:56:40","guid":{"rendered":"https:\/\/modeconfort.com\/product\/sports-t-shirt-442090\/"},"modified":"2026-04-15T14:37:10","modified_gmt":"2026-04-15T18:37:10","slug":"sports-t-shirt-442090","status":"publish","type":"product","link":"https:\/\/modeconfort.com\/en\/product\/sports-t-shirt-442090\/","title":{"rendered":"Chemise Mode Confort &#8211; Raffinu00e9e Femme Canada"},"content":{"rendered":"<p>Vous vous sentez instantan\u00e9ment \u00e0 l&rsquo;aise et \u00e9l\u00e9gante, pr\u00eate \u00e0 profiter pleinement de votre journ\u00e9e. Ce t-shirt Mode Confort, \u00e0 la coupe d\u00e9contract\u00e9e et au tomb\u00e9 impeccable, est id\u00e9al pour un d\u00eener en famille, une sortie culturelle ou une promenade chic. Sa qualit\u00e9 europ\u00e9enne vous assure un confort durable et une silhouette toujours raffin\u00e9e, sans effort. Facile d&rsquo;entretien, il deviendra vite un essentiel. Sa coupe g\u00e9n\u00e9reuse s&rsquo;adapte avec gr\u00e2ce \u00e0 toutes les silhouettes.<\/p>","protected":false},"excerpt":{"rendered":"<p>Pour vos moments de d\u00e9tente styl\u00e9s, ce t-shirt vous offre un confort douillet, parfait pour une balade chic.<\/p>","protected":false},"featured_media":41463,"comment_status":"open","ping_status":"closed","template":"","meta":{"_acf_changed":false},"product_brand":[],"product_cat":[149,207,261,172],"product_tag":[],"class_list":{"0":"post-41461","1":"product","2":"type-product","3":"status-publish","4":"has-post-thumbnail","6":"product_cat-new-collection","7":"product_cat-sport","8":"product_cat-sport-t-shirt","9":"product_cat-t-shirts","11":"first","12":"instock","13":"sale","14":"taxable","15":"shipping-taxable","16":"purchasable","17":"product-type-variable","18":"has-default-attributes"},"acf":[],"_links":{"self":[{"href":"https:\/\/modeconfort.com\/en\/wp-json\/wp\/v2\/product\/41461","targetHints":{"allow":["GET"]}}],"collection":[{"href":"https:\/\/modeconfort.com\/en\/wp-json\/wp\/v2\/product"}],"about":[{"href":"https:\/\/modeconfort.com\/en\/wp-json\/wp\/v2\/types\/product"}],"replies":[{"embeddable":true,"href":"https:\/\/modeconfort.com\/en\/wp-json\/wp\/v2\/comments?post=41461"}],"wp:featuredmedia":[{"embeddable":true,"href":"https:\/\/modeconfort.com\/en\/wp-json\/wp\/v2\/media\/41463"}],"wp:attachment":[{"href":"https:\/\/modeconfort.com\/en\/wp-json\/wp\/v2\/media?parent=41461"}],"wp:term":[{"taxonomy":"product_brand","embeddable":true,"href":"https:\/\/modeconfort.com\/en\/wp-json\/wp\/v2\/product_brand?post=41461"},{"taxonomy":"product_cat","embeddable":true,"href":"https:\/\/modeconfort.com\/en\/wp-json\/wp\/v2\/product_cat?post=41461"},{"taxonomy":"product_tag","embeddable":true,"href":"https:\/\/modeconfort.com\/en\/wp-json\/wp\/v2\/product_tag?post=41461"}],"curies":[{"name":"wp","href":"https:\/\/api.w.org\/{rel}","templated":true}]}}