{"id":41397,"date":"2025-10-09T15:56:18","date_gmt":"2025-10-09T19:56:18","guid":{"rendered":"https:\/\/modeconfort.com\/product\/fantasy-t-shirt-441859\/"},"modified":"2026-04-15T14:37:34","modified_gmt":"2026-04-15T18:37:34","slug":"fantasy-t-shirt-441859","status":"publish","type":"product","link":"https:\/\/modeconfort.com\/en\/product\/fantasy-t-shirt-441859\/","title":{"rendered":"Chemise Mode Confort &#8211; Raffinu00e9e Femme Canada"},"content":{"rendered":"<p>Avec le Fantasy T-Shirt Mode Confort, vous vous sentez instantan\u00e9ment \u00e0 l&rsquo;aise, sublim\u00e9e et pr\u00eate \u00e0 rayonner. Sa coupe fluide et son tissu doux \u00e9pousent d\u00e9licatement votre silhouette, offrant un confort in\u00e9gal\u00e9 pour un d\u00eener en famille, une sortie culturelle ou une promenade chic. La qualit\u00e9 europ\u00e9enne Mode Confort vous assure une tenue impeccable et durable. Facile d&rsquo;entretien, il conservera son allure \u00e9l\u00e9gante lavage apr\u00e8s lavage. Sa coupe g\u00e9n\u00e9reuse s&rsquo;adapte harmonieusement \u00e0 toutes les silhouettes.<\/p>","protected":false},"excerpt":{"rendered":"<p>Pour vos sorties d\u00e9contract\u00e9es, glissez-vous dans le confort \u00e9l\u00e9gant de ce t-shirt.<\/p>","protected":false},"featured_media":41407,"comment_status":"open","ping_status":"closed","template":"","meta":{"_acf_changed":false},"product_brand":[],"product_cat":[215,314,149,172],"product_tag":[],"class_list":{"0":"post-41397","1":"product","2":"type-product","3":"status-publish","4":"has-post-thumbnail","6":"product_cat-basic","7":"product_cat-basic-t-shirts","8":"product_cat-new-collection","9":"product_cat-t-shirts","11":"first","12":"instock","13":"sale","14":"taxable","15":"shipping-taxable","16":"purchasable","17":"product-type-variable","18":"has-default-attributes"},"acf":[],"_links":{"self":[{"href":"https:\/\/modeconfort.com\/en\/wp-json\/wp\/v2\/product\/41397","targetHints":{"allow":["GET"]}}],"collection":[{"href":"https:\/\/modeconfort.com\/en\/wp-json\/wp\/v2\/product"}],"about":[{"href":"https:\/\/modeconfort.com\/en\/wp-json\/wp\/v2\/types\/product"}],"replies":[{"embeddable":true,"href":"https:\/\/modeconfort.com\/en\/wp-json\/wp\/v2\/comments?post=41397"}],"wp:featuredmedia":[{"embeddable":true,"href":"https:\/\/modeconfort.com\/en\/wp-json\/wp\/v2\/media\/41407"}],"wp:attachment":[{"href":"https:\/\/modeconfort.com\/en\/wp-json\/wp\/v2\/media?parent=41397"}],"wp:term":[{"taxonomy":"product_brand","embeddable":true,"href":"https:\/\/modeconfort.com\/en\/wp-json\/wp\/v2\/product_brand?post=41397"},{"taxonomy":"product_cat","embeddable":true,"href":"https:\/\/modeconfort.com\/en\/wp-json\/wp\/v2\/product_cat?post=41397"},{"taxonomy":"product_tag","embeddable":true,"href":"https:\/\/modeconfort.com\/en\/wp-json\/wp\/v2\/product_tag?post=41397"}],"curies":[{"name":"wp","href":"https:\/\/api.w.org\/{rel}","templated":true}]}}