{"id":41362,"date":"2025-10-09T15:56:03","date_gmt":"2025-10-09T19:56:03","guid":{"rendered":"https:\/\/modeconfort.com\/product\/mesh-t-shirt-441841\/"},"modified":"2026-04-15T14:37:46","modified_gmt":"2026-04-15T18:37:46","slug":"mesh-t-shirt-441841","status":"publish","type":"product","link":"https:\/\/modeconfort.com\/en\/product\/mesh-t-shirt-441841\/","title":{"rendered":"Chemise Mode Confort &#8211; Raffinu00e9e Femme Canada"},"content":{"rendered":"<p>Avec ce Mesh T-shirt Mode Confort, vous vous sentez rayonnante, confiante et parfaitement \u00e0 l&rsquo;aise, quelle que soit l&rsquo;occasion. Sa maille d\u00e9licate offre une l\u00e9g\u00e8ret\u00e9 divine, id\u00e9ale pour un d\u00eener en famille, une sortie culturelle ou une promenade chic en ville. Vous appr\u00e9cierez sa coupe flatteuse qui sublime discr\u00e8tement votre silhouette. Gage de qualit\u00e9 europ\u00e9enne, ce haut Mode Confort est aussi facile d&rsquo;entretien que confortable. Sa coupe g\u00e9n\u00e9reuse s&rsquo;adapte \u00e0 toutes les silhouettes.<\/p>","protected":false},"excerpt":{"rendered":"<p>Pour vos sorties estivales, ce t-shirt maille vous assure une \u00e9l\u00e9gance d\u00e9contract\u00e9e et un confort absolu.<\/p>","protected":false},"featured_media":41364,"comment_status":"open","ping_status":"closed","template":"","meta":{"_acf_changed":false},"product_brand":[],"product_cat":[149,172],"product_tag":[],"class_list":{"0":"post-41362","1":"product","2":"type-product","3":"status-publish","4":"has-post-thumbnail","6":"product_cat-new-collection","7":"product_cat-t-shirts","9":"first","10":"instock","11":"sale","12":"taxable","13":"shipping-taxable","14":"purchasable","15":"product-type-variable","16":"has-default-attributes"},"acf":[],"_links":{"self":[{"href":"https:\/\/modeconfort.com\/en\/wp-json\/wp\/v2\/product\/41362","targetHints":{"allow":["GET"]}}],"collection":[{"href":"https:\/\/modeconfort.com\/en\/wp-json\/wp\/v2\/product"}],"about":[{"href":"https:\/\/modeconfort.com\/en\/wp-json\/wp\/v2\/types\/product"}],"replies":[{"embeddable":true,"href":"https:\/\/modeconfort.com\/en\/wp-json\/wp\/v2\/comments?post=41362"}],"wp:featuredmedia":[{"embeddable":true,"href":"https:\/\/modeconfort.com\/en\/wp-json\/wp\/v2\/media\/41364"}],"wp:attachment":[{"href":"https:\/\/modeconfort.com\/en\/wp-json\/wp\/v2\/media?parent=41362"}],"wp:term":[{"taxonomy":"product_brand","embeddable":true,"href":"https:\/\/modeconfort.com\/en\/wp-json\/wp\/v2\/product_brand?post=41362"},{"taxonomy":"product_cat","embeddable":true,"href":"https:\/\/modeconfort.com\/en\/wp-json\/wp\/v2\/product_cat?post=41362"},{"taxonomy":"product_tag","embeddable":true,"href":"https:\/\/modeconfort.com\/en\/wp-json\/wp\/v2\/product_tag?post=41362"}],"curies":[{"name":"wp","href":"https:\/\/api.w.org\/{rel}","templated":true}]}}