{"id":41308,"date":"2025-10-09T15:55:48","date_gmt":"2025-10-09T19:55:48","guid":{"rendered":"https:\/\/modeconfort.com\/product\/rhinestone-printed-t-sh-441824\/"},"modified":"2026-04-15T14:38:01","modified_gmt":"2026-04-15T18:38:01","slug":"rhinestone-printed-t-sh-441824","status":"publish","type":"product","link":"https:\/\/modeconfort.com\/en\/product\/rhinestone-printed-t-sh-441824\/","title":{"rendered":"Rhinestone Printed T-Sh 441824"},"content":{"rendered":"<p>Vous sentez une \u00e9l\u00e9gance naturelle vous envelopper, un \u00e9clat discret qui illumine votre journ\u00e9e. Ce t-shirt RHINESTONE PRINTED est id\u00e9al pour vos sorties culturelles ou un d\u00eener en famille, alliant confort absolu et style raffin\u00e9. Sa coupe pens\u00e9e pour votre silhouette vous assure aisance et allure. La qualit\u00e9 Mode Confort vous garantit une pi\u00e8ce durable, facile d&rsquo;entretien, qui conserve son chic lavage apr\u00e8s lavage. Sa coupe g\u00e9n\u00e9reuse s&rsquo;adapte \u00e0 toutes les silhouettes avec gr\u00e2ce.<\/p>","protected":false},"excerpt":{"rendered":"<p>Pour vos moments de d\u00e9tente styl\u00e9s, ce t-shirt allie l&rsquo;\u00e9clat subtil d&rsquo;un motif strass\u00e9 au confort douillet que vous recherchez.<\/p>","protected":false},"featured_media":41310,"comment_status":"open","ping_status":"closed","template":"","meta":{"_acf_changed":false},"product_brand":[],"product_cat":[149,172],"product_tag":[],"class_list":{"0":"post-41308","1":"product","2":"type-product","3":"status-publish","4":"has-post-thumbnail","6":"product_cat-new-collection","7":"product_cat-t-shirts","9":"first","10":"instock","11":"sale","12":"taxable","13":"shipping-taxable","14":"purchasable","15":"product-type-variable","16":"has-default-attributes"},"acf":[],"_links":{"self":[{"href":"https:\/\/modeconfort.com\/en\/wp-json\/wp\/v2\/product\/41308","targetHints":{"allow":["GET"]}}],"collection":[{"href":"https:\/\/modeconfort.com\/en\/wp-json\/wp\/v2\/product"}],"about":[{"href":"https:\/\/modeconfort.com\/en\/wp-json\/wp\/v2\/types\/product"}],"replies":[{"embeddable":true,"href":"https:\/\/modeconfort.com\/en\/wp-json\/wp\/v2\/comments?post=41308"}],"wp:featuredmedia":[{"embeddable":true,"href":"https:\/\/modeconfort.com\/en\/wp-json\/wp\/v2\/media\/41310"}],"wp:attachment":[{"href":"https:\/\/modeconfort.com\/en\/wp-json\/wp\/v2\/media?parent=41308"}],"wp:term":[{"taxonomy":"product_brand","embeddable":true,"href":"https:\/\/modeconfort.com\/en\/wp-json\/wp\/v2\/product_brand?post=41308"},{"taxonomy":"product_cat","embeddable":true,"href":"https:\/\/modeconfort.com\/en\/wp-json\/wp\/v2\/product_cat?post=41308"},{"taxonomy":"product_tag","embeddable":true,"href":"https:\/\/modeconfort.com\/en\/wp-json\/wp\/v2\/product_tag?post=41308"}],"curies":[{"name":"wp","href":"https:\/\/api.w.org\/{rel}","templated":true}]}}