{"id":41191,"date":"2025-10-09T15:55:15","date_gmt":"2025-10-09T19:55:15","guid":{"rendered":"https:\/\/modeconfort.com\/product\/floral-print-t-shirt-441765\/"},"modified":"2026-04-15T11:32:19","modified_gmt":"2026-04-15T15:32:19","slug":"floral-print-t-shirt-441765","status":"publish","type":"product","link":"https:\/\/modeconfort.com\/en\/product\/floral-print-t-shirt-441765\/","title":{"rendered":"Chemise Mode Confort &#8211; Raffinu00e9e Femme Canada"},"content":{"rendered":"<p>Enveloppez-vous d&rsquo;une douce \u00e9l\u00e9gance florale et sentez-vous rayonnante, o\u00f9 que vous alliez. Ce t-shirt Mode Confort, \u00e0 la coupe pens\u00e9e pour votre confort, est id\u00e9al pour un d\u00eener en famille, une sortie culturelle ou une promenade chic. Sa mati\u00e8re de qualit\u00e9 sup\u00e9rieure vous assure une tenue impeccable et un entretien facile. Sa coupe g\u00e9n\u00e9reuse s&rsquo;adapte harmonieusement \u00e0 toutes les silhouettes.<\/p>","protected":false},"excerpt":{"rendered":"<p>Pour vos sorties estivales, ce t-shirt fleuri vous enveloppe de douceur et d&rsquo;\u00e9l\u00e9gance rassurante.<\/p>","protected":false},"featured_media":41193,"comment_status":"open","ping_status":"closed","template":"","meta":{"_acf_changed":false},"product_brand":[],"product_cat":[149,172],"product_tag":[],"class_list":{"0":"post-41191","1":"product","2":"type-product","3":"status-publish","4":"has-post-thumbnail","6":"product_cat-new-collection","7":"product_cat-t-shirts","9":"first","10":"instock","11":"sale","12":"taxable","13":"shipping-taxable","14":"purchasable","15":"product-type-variable","16":"has-default-attributes"},"acf":[],"_links":{"self":[{"href":"https:\/\/modeconfort.com\/en\/wp-json\/wp\/v2\/product\/41191","targetHints":{"allow":["GET"]}}],"collection":[{"href":"https:\/\/modeconfort.com\/en\/wp-json\/wp\/v2\/product"}],"about":[{"href":"https:\/\/modeconfort.com\/en\/wp-json\/wp\/v2\/types\/product"}],"replies":[{"embeddable":true,"href":"https:\/\/modeconfort.com\/en\/wp-json\/wp\/v2\/comments?post=41191"}],"wp:featuredmedia":[{"embeddable":true,"href":"https:\/\/modeconfort.com\/en\/wp-json\/wp\/v2\/media\/41193"}],"wp:attachment":[{"href":"https:\/\/modeconfort.com\/en\/wp-json\/wp\/v2\/media?parent=41191"}],"wp:term":[{"taxonomy":"product_brand","embeddable":true,"href":"https:\/\/modeconfort.com\/en\/wp-json\/wp\/v2\/product_brand?post=41191"},{"taxonomy":"product_cat","embeddable":true,"href":"https:\/\/modeconfort.com\/en\/wp-json\/wp\/v2\/product_cat?post=41191"},{"taxonomy":"product_tag","embeddable":true,"href":"https:\/\/modeconfort.com\/en\/wp-json\/wp\/v2\/product_tag?post=41191"}],"curies":[{"name":"wp","href":"https:\/\/api.w.org\/{rel}","templated":true}]}}