{"id":41164,"date":"2025-10-09T15:55:07","date_gmt":"2025-10-09T19:55:07","guid":{"rendered":"https:\/\/modeconfort.com\/product\/embroidered-t-shirt-441756\/"},"modified":"2026-04-15T11:32:19","modified_gmt":"2026-04-15T15:32:19","slug":"embroidered-t-shirt-441756","status":"publish","type":"product","link":"https:\/\/modeconfort.com\/en\/product\/embroidered-t-shirt-441756\/","title":{"rendered":"Chemise Rouge Mode Confort &#8211; Raffinu00e9e Femme Canada"},"content":{"rendered":"<p>Glissez-vous dans l&rsquo;\u00e9l\u00e9gance d\u00e9contract\u00e9e et sentez-vous rayonnante, en toute occasion. Ce t-shirt Mode Confort, avec ses d\u00e9licates broderies, vous offre un confort absolu sans jamais compromettre votre style. Id\u00e9al pour un d\u00eener en famille, une sortie culturelle ou une promenade chic, il deviendra vite un incontournable de votre garde-robe. Con\u00e7u avec la qualit\u00e9 europ\u00e9enne de Mode Confort, sa coupe flatteuse sublime la silhouette et sa mati\u00e8re douce est un plaisir \u00e0 porter. Facile d&rsquo;entretien, il conserve son \u00e9clat lavage apr\u00e8s lavage.<\/p>","protected":false},"excerpt":{"rendered":"<p>Pour un d\u00e9jeuner entre amies, enfilez ce t-shirt brod\u00e9 qui allie \u00e9l\u00e9gance et confort absolu.<\/p>","protected":false},"featured_media":41166,"comment_status":"open","ping_status":"closed","template":"","meta":{"_acf_changed":false},"product_brand":[],"product_cat":[149,172],"product_tag":[],"class_list":{"0":"post-41164","1":"product","2":"type-product","3":"status-publish","4":"has-post-thumbnail","6":"product_cat-new-collection","7":"product_cat-t-shirts","9":"first","10":"instock","11":"sale","12":"taxable","13":"shipping-taxable","14":"purchasable","15":"product-type-variable","16":"has-default-attributes"},"acf":[],"_links":{"self":[{"href":"https:\/\/modeconfort.com\/en\/wp-json\/wp\/v2\/product\/41164","targetHints":{"allow":["GET"]}}],"collection":[{"href":"https:\/\/modeconfort.com\/en\/wp-json\/wp\/v2\/product"}],"about":[{"href":"https:\/\/modeconfort.com\/en\/wp-json\/wp\/v2\/types\/product"}],"replies":[{"embeddable":true,"href":"https:\/\/modeconfort.com\/en\/wp-json\/wp\/v2\/comments?post=41164"}],"wp:featuredmedia":[{"embeddable":true,"href":"https:\/\/modeconfort.com\/en\/wp-json\/wp\/v2\/media\/41166"}],"wp:attachment":[{"href":"https:\/\/modeconfort.com\/en\/wp-json\/wp\/v2\/media?parent=41164"}],"wp:term":[{"taxonomy":"product_brand","embeddable":true,"href":"https:\/\/modeconfort.com\/en\/wp-json\/wp\/v2\/product_brand?post=41164"},{"taxonomy":"product_cat","embeddable":true,"href":"https:\/\/modeconfort.com\/en\/wp-json\/wp\/v2\/product_cat?post=41164"},{"taxonomy":"product_tag","embeddable":true,"href":"https:\/\/modeconfort.com\/en\/wp-json\/wp\/v2\/product_tag?post=41164"}],"curies":[{"name":"wp","href":"https:\/\/api.w.org\/{rel}","templated":true}]}}