{"id":41146,"date":"2025-10-09T15:54:59","date_gmt":"2025-10-09T19:54:59","guid":{"rendered":"https:\/\/modeconfort.com\/product\/floral-print-t-shirt-441746\/"},"modified":"2026-04-15T11:32:19","modified_gmt":"2026-04-15T15:32:19","slug":"floral-print-t-shirt-441746","status":"publish","type":"product","link":"https:\/\/modeconfort.com\/en\/product\/floral-print-t-shirt-441746\/","title":{"rendered":"Chemise Mode Confort &#8211; Raffinu00e9e Femme Canada"},"content":{"rendered":"<p>Vous vous sentez \u00e9panouie et naturellement \u00e9l\u00e9gante d\u00e8s l&rsquo;instant o\u00f9 vous l&rsquo;enfilez. Ce t-shirt Mode Confort, avec son imprim\u00e9 floral d\u00e9licat, est id\u00e9al pour un d\u00eener en famille, une sortie culturelle ou une promenade chic. Sa coupe pens\u00e9e pour le confort et la silhouette mature sublime discr\u00e8tement, sans jamais serrer. Con\u00e7u avec la qualit\u00e9 europ\u00e9enne de Mode Confort, il est d&rsquo;une douceur in\u00e9gal\u00e9e et facile d&rsquo;entretien. Sa coupe g\u00e9n\u00e9reuse s&rsquo;adapte \u00e0 toutes les silhouettes.<\/p>","protected":false},"excerpt":{"rendered":"<p>Pour un d\u00e9jeuner \u00e9l\u00e9gant ou une sortie d\u00e9contract\u00e9e, ce t-shirt floral vous enveloppe de douceur et de style.<\/p>","protected":false},"featured_media":41148,"comment_status":"open","ping_status":"closed","template":"","meta":{"_acf_changed":false},"product_brand":[],"product_cat":[149,172],"product_tag":[],"class_list":{"0":"post-41146","1":"product","2":"type-product","3":"status-publish","4":"has-post-thumbnail","6":"product_cat-new-collection","7":"product_cat-t-shirts","9":"first","10":"instock","11":"sale","12":"taxable","13":"shipping-taxable","14":"purchasable","15":"product-type-variable","16":"has-default-attributes"},"acf":[],"_links":{"self":[{"href":"https:\/\/modeconfort.com\/en\/wp-json\/wp\/v2\/product\/41146","targetHints":{"allow":["GET"]}}],"collection":[{"href":"https:\/\/modeconfort.com\/en\/wp-json\/wp\/v2\/product"}],"about":[{"href":"https:\/\/modeconfort.com\/en\/wp-json\/wp\/v2\/types\/product"}],"replies":[{"embeddable":true,"href":"https:\/\/modeconfort.com\/en\/wp-json\/wp\/v2\/comments?post=41146"}],"wp:featuredmedia":[{"embeddable":true,"href":"https:\/\/modeconfort.com\/en\/wp-json\/wp\/v2\/media\/41148"}],"wp:attachment":[{"href":"https:\/\/modeconfort.com\/en\/wp-json\/wp\/v2\/media?parent=41146"}],"wp:term":[{"taxonomy":"product_brand","embeddable":true,"href":"https:\/\/modeconfort.com\/en\/wp-json\/wp\/v2\/product_brand?post=41146"},{"taxonomy":"product_cat","embeddable":true,"href":"https:\/\/modeconfort.com\/en\/wp-json\/wp\/v2\/product_cat?post=41146"},{"taxonomy":"product_tag","embeddable":true,"href":"https:\/\/modeconfort.com\/en\/wp-json\/wp\/v2\/product_tag?post=41146"}],"curies":[{"name":"wp","href":"https:\/\/api.w.org\/{rel}","templated":true}]}}