{"id":41137,"date":"2025-10-09T15:54:57","date_gmt":"2025-10-09T19:54:57","guid":{"rendered":"https:\/\/modeconfort.com\/product\/printed-crochet-t-shirt-441739\/"},"modified":"2026-04-15T11:32:19","modified_gmt":"2026-04-15T15:32:19","slug":"printed-crochet-t-shirt-441739","status":"publish","type":"product","link":"https:\/\/modeconfort.com\/en\/product\/printed-crochet-t-shirt-441739\/","title":{"rendered":"Chemise Mode Confort &#8211; Raffinu00e9e Femme Canada"},"content":{"rendered":"<p>Vous vous sentez instantan\u00e9ment radieuse et \u00e0 l&rsquo;aise, pr\u00eate \u00e0 profiter de chaque instant avec \u00e9l\u00e9gance.<\/p>\n<p>Ce t-shirt en crochet imprim\u00e9 Mode Confort est id\u00e9al pour vos d\u00eeners en famille ou une sortie culturelle. Sa texture douce caresse la peau, tandis que sa coupe fluide met en valeur votre silhouette avec discr\u00e9tion. Facile \u00e0 agencer, il deviendra vite un essentiel de votre garde-robe.<\/p>\n<p>Faites confiance \u00e0 la qualit\u00e9 Mode Confort. Sa coupe g\u00e9n\u00e9reuse s&rsquo;adapte \u00e0 toutes les silhouettes et il conserve son allure chic lavage apr\u00e8s lavage, pour un entretien des plus simples.<\/p>","protected":false},"excerpt":{"rendered":"<p>Pour une \u00e9l\u00e9gance sans effort en toute occasion, ce t-shirt crochet imprim\u00e9 vous offre un confort raffin\u00e9.<\/p>","protected":false},"featured_media":41139,"comment_status":"open","ping_status":"closed","template":"","meta":{"_acf_changed":false},"product_brand":[],"product_cat":[149,172],"product_tag":[],"class_list":{"0":"post-41137","1":"product","2":"type-product","3":"status-publish","4":"has-post-thumbnail","6":"product_cat-new-collection","7":"product_cat-t-shirts","9":"first","10":"instock","11":"sale","12":"taxable","13":"shipping-taxable","14":"purchasable","15":"product-type-variable","16":"has-default-attributes"},"acf":[],"_links":{"self":[{"href":"https:\/\/modeconfort.com\/en\/wp-json\/wp\/v2\/product\/41137","targetHints":{"allow":["GET"]}}],"collection":[{"href":"https:\/\/modeconfort.com\/en\/wp-json\/wp\/v2\/product"}],"about":[{"href":"https:\/\/modeconfort.com\/en\/wp-json\/wp\/v2\/types\/product"}],"replies":[{"embeddable":true,"href":"https:\/\/modeconfort.com\/en\/wp-json\/wp\/v2\/comments?post=41137"}],"wp:featuredmedia":[{"embeddable":true,"href":"https:\/\/modeconfort.com\/en\/wp-json\/wp\/v2\/media\/41139"}],"wp:attachment":[{"href":"https:\/\/modeconfort.com\/en\/wp-json\/wp\/v2\/media?parent=41137"}],"wp:term":[{"taxonomy":"product_brand","embeddable":true,"href":"https:\/\/modeconfort.com\/en\/wp-json\/wp\/v2\/product_brand?post=41137"},{"taxonomy":"product_cat","embeddable":true,"href":"https:\/\/modeconfort.com\/en\/wp-json\/wp\/v2\/product_cat?post=41137"},{"taxonomy":"product_tag","embeddable":true,"href":"https:\/\/modeconfort.com\/en\/wp-json\/wp\/v2\/product_tag?post=41137"}],"curies":[{"name":"wp","href":"https:\/\/api.w.org\/{rel}","templated":true}]}}