{"id":41074,"date":"2025-10-09T15:54:37","date_gmt":"2025-10-09T19:54:37","guid":{"rendered":"https:\/\/modeconfort.com\/product\/floral-embroidered-t-shirt-441708\/"},"modified":"2026-04-15T11:32:20","modified_gmt":"2026-04-15T15:32:20","slug":"floral-embroidered-t-shirt-441708","status":"publish","type":"product","link":"https:\/\/modeconfort.com\/en\/product\/floral-embroidered-t-shirt-441708\/","title":{"rendered":"Chemise Rouge Mode Confort &#8211; Raffinu00e9e Femme Canada"},"content":{"rendered":"<p>Ressentez l&rsquo;\u00e9l\u00e9gance naturelle et le confort d&rsquo;une douce brise estivale avec notre T-shirt brod\u00e9 floral. Sa coupe raffin\u00e9e dessine une silhouette harmonieuse, id\u00e9ale pour un d\u00eener en famille, une sortie culturelle ou une promenade chic. Con\u00e7u par Mode Confort, ce haut de qualit\u00e9 europ\u00e9enne offre une aisance incomparable et un entretien facile, vous assurant style et bien-\u00eatre en toute occasion. Sa coupe g\u00e9n\u00e9reuse s&rsquo;adapte \u00e0 merveille \u00e0 toutes les silhouettes.<\/p>","protected":false},"excerpt":{"rendered":"<p>Pour vos sorties d\u00e9contract\u00e9es, ce t-shirt brod\u00e9 floral vous offre une \u00e9l\u00e9gance douce et un confort rassurant.<\/p>","protected":false},"featured_media":41076,"comment_status":"open","ping_status":"closed","template":"","meta":{"_acf_changed":false},"product_brand":[],"product_cat":[149,172],"product_tag":[],"class_list":{"0":"post-41074","1":"product","2":"type-product","3":"status-publish","4":"has-post-thumbnail","6":"product_cat-new-collection","7":"product_cat-t-shirts","9":"first","10":"instock","11":"sale","12":"taxable","13":"shipping-taxable","14":"purchasable","15":"product-type-variable","16":"has-default-attributes"},"acf":[],"_links":{"self":[{"href":"https:\/\/modeconfort.com\/en\/wp-json\/wp\/v2\/product\/41074","targetHints":{"allow":["GET"]}}],"collection":[{"href":"https:\/\/modeconfort.com\/en\/wp-json\/wp\/v2\/product"}],"about":[{"href":"https:\/\/modeconfort.com\/en\/wp-json\/wp\/v2\/types\/product"}],"replies":[{"embeddable":true,"href":"https:\/\/modeconfort.com\/en\/wp-json\/wp\/v2\/comments?post=41074"}],"wp:featuredmedia":[{"embeddable":true,"href":"https:\/\/modeconfort.com\/en\/wp-json\/wp\/v2\/media\/41076"}],"wp:attachment":[{"href":"https:\/\/modeconfort.com\/en\/wp-json\/wp\/v2\/media?parent=41074"}],"wp:term":[{"taxonomy":"product_brand","embeddable":true,"href":"https:\/\/modeconfort.com\/en\/wp-json\/wp\/v2\/product_brand?post=41074"},{"taxonomy":"product_cat","embeddable":true,"href":"https:\/\/modeconfort.com\/en\/wp-json\/wp\/v2\/product_cat?post=41074"},{"taxonomy":"product_tag","embeddable":true,"href":"https:\/\/modeconfort.com\/en\/wp-json\/wp\/v2\/product_tag?post=41074"}],"curies":[{"name":"wp","href":"https:\/\/api.w.org\/{rel}","templated":true}]}}