{"id":40939,"date":"2025-10-09T15:53:45","date_gmt":"2025-10-09T19:53:45","guid":{"rendered":"https:\/\/modeconfort.com\/product\/floral-print-blouse-441003\/"},"modified":"2026-04-15T11:32:20","modified_gmt":"2026-04-15T15:32:20","slug":"floral-print-blouse-441003","status":"publish","type":"product","link":"https:\/\/modeconfort.com\/en\/product\/floral-print-blouse-441003\/","title":{"rendered":"Blouse Mode Confort &#8211; Raffinu00e9e Femme Canada"},"content":{"rendered":"<p>Vous vous sentez \u00e9panouie, rayonnante et \u00e0 l&rsquo;aise dans cette blouse florale qui c\u00e9l\u00e8bre votre f\u00e9minit\u00e9.<\/p>\n<p>Sa coupe fluide et ses motifs d\u00e9licats sont id\u00e9aux pour un d\u00eener en famille, une sortie culturelle ou une promenade \u00e9l\u00e9gante. Le confort est au rendez-vous sans sacrifier le style.<\/p>\n<p>Con\u00e7ue par Mode Confort, gage de qualit\u00e9 europ\u00e9enne, cette blouse est facile \u00e0 entretenir et conserve son \u00e9clat. Sa coupe g\u00e9n\u00e9reuse et \u00e9tudi\u00e9e flatte harmonieusement toutes les silhouettes matures.<\/p>","protected":false},"excerpt":{"rendered":"<p>Pour vos repas en famille, cette blouse florale vous offre une \u00e9l\u00e9gance d\u00e9contract\u00e9e et un confort absolu.<\/p>","protected":false},"featured_media":40941,"comment_status":"open","ping_status":"closed","template":"","meta":{"_acf_changed":false},"product_brand":[],"product_cat":[171,149],"product_tag":[],"class_list":{"0":"post-40939","1":"product","2":"type-product","3":"status-publish","4":"has-post-thumbnail","6":"product_cat-blouses","7":"product_cat-new-collection","9":"first","10":"instock","11":"sale","12":"taxable","13":"shipping-taxable","14":"purchasable","15":"product-type-variable","16":"has-default-attributes"},"acf":[],"_links":{"self":[{"href":"https:\/\/modeconfort.com\/en\/wp-json\/wp\/v2\/product\/40939","targetHints":{"allow":["GET"]}}],"collection":[{"href":"https:\/\/modeconfort.com\/en\/wp-json\/wp\/v2\/product"}],"about":[{"href":"https:\/\/modeconfort.com\/en\/wp-json\/wp\/v2\/types\/product"}],"replies":[{"embeddable":true,"href":"https:\/\/modeconfort.com\/en\/wp-json\/wp\/v2\/comments?post=40939"}],"wp:featuredmedia":[{"embeddable":true,"href":"https:\/\/modeconfort.com\/en\/wp-json\/wp\/v2\/media\/40941"}],"wp:attachment":[{"href":"https:\/\/modeconfort.com\/en\/wp-json\/wp\/v2\/media?parent=40939"}],"wp:term":[{"taxonomy":"product_brand","embeddable":true,"href":"https:\/\/modeconfort.com\/en\/wp-json\/wp\/v2\/product_brand?post=40939"},{"taxonomy":"product_cat","embeddable":true,"href":"https:\/\/modeconfort.com\/en\/wp-json\/wp\/v2\/product_cat?post=40939"},{"taxonomy":"product_tag","embeddable":true,"href":"https:\/\/modeconfort.com\/en\/wp-json\/wp\/v2\/product_tag?post=40939"}],"curies":[{"name":"wp","href":"https:\/\/api.w.org\/{rel}","templated":true}]}}