{"id":40694,"date":"2025-10-09T15:52:06","date_gmt":"2025-10-09T19:52:06","guid":{"rendered":"https:\/\/modeconfort.com\/product\/long-blazer-440159\/"},"modified":"2026-04-15T11:32:20","modified_gmt":"2026-04-15T15:32:20","slug":"long-blazer-440159","status":"publish","type":"product","link":"https:\/\/modeconfort.com\/en\/product\/long-blazer-440159\/","title":{"rendered":"Blazer Mode Confort &#8211; Chic Femme Canada"},"content":{"rendered":"<p>Vous vous sentirez envelopp\u00e9e d&rsquo;une \u00e9l\u00e9gance d\u00e9contract\u00e9e et d&rsquo;un confort absolu.<\/p>\n<p>Ce long blazer Mode Confort, \u00e0 la coupe ample et raffin\u00e9e, est id\u00e9al pour un d\u00eener en famille, une sortie culturelle ou une promenade chic. Sa mati\u00e8re douce et souple vous offre une libert\u00e9 de mouvement incomparable.<\/p>\n<p>Con\u00e7u pour la femme moderne, ce blazer est un gage de qualit\u00e9 europ\u00e9enne et s&rsquo;adapte parfaitement \u00e0 votre silhouette. Facile \u00e0 entretenir, il sera votre alli\u00e9 en toute occasion. Sa coupe g\u00e9n\u00e9reuse s&rsquo;adapte \u00e0 toutes les silhouettes.<\/p>","protected":false},"excerpt":{"rendered":"<p>Pour vos sorties printani\u00e8res, ce long blazer \u00e9l\u00e9gant vous offre un confort in\u00e9gal\u00e9 et une allure raffin\u00e9e.<\/p>","protected":false},"featured_media":40696,"comment_status":"open","ping_status":"closed","template":"","meta":{"_acf_changed":false},"product_brand":[],"product_cat":[150,149,329],"product_tag":[],"class_list":{"0":"post-40694","1":"product","2":"type-product","3":"status-publish","4":"has-post-thumbnail","6":"product_cat-blazers","7":"product_cat-new-collection","8":"product_cat-soldes","10":"first","11":"instock","12":"sale","13":"taxable","14":"shipping-taxable","15":"purchasable","16":"product-type-variable","17":"has-default-attributes"},"acf":[],"_links":{"self":[{"href":"https:\/\/modeconfort.com\/en\/wp-json\/wp\/v2\/product\/40694","targetHints":{"allow":["GET"]}}],"collection":[{"href":"https:\/\/modeconfort.com\/en\/wp-json\/wp\/v2\/product"}],"about":[{"href":"https:\/\/modeconfort.com\/en\/wp-json\/wp\/v2\/types\/product"}],"replies":[{"embeddable":true,"href":"https:\/\/modeconfort.com\/en\/wp-json\/wp\/v2\/comments?post=40694"}],"wp:featuredmedia":[{"embeddable":true,"href":"https:\/\/modeconfort.com\/en\/wp-json\/wp\/v2\/media\/40696"}],"wp:attachment":[{"href":"https:\/\/modeconfort.com\/en\/wp-json\/wp\/v2\/media?parent=40694"}],"wp:term":[{"taxonomy":"product_brand","embeddable":true,"href":"https:\/\/modeconfort.com\/en\/wp-json\/wp\/v2\/product_brand?post=40694"},{"taxonomy":"product_cat","embeddable":true,"href":"https:\/\/modeconfort.com\/en\/wp-json\/wp\/v2\/product_cat?post=40694"},{"taxonomy":"product_tag","embeddable":true,"href":"https:\/\/modeconfort.com\/en\/wp-json\/wp\/v2\/product_tag?post=40694"}],"curies":[{"name":"wp","href":"https:\/\/api.w.org\/{rel}","templated":true}]}}