{"id":40044,"date":"2025-10-09T15:58:09","date_gmt":"2025-10-09T19:58:09","guid":{"rendered":"https:\/\/modeconfort.com\/product\/sweater-blue-indigo-446006\/"},"modified":"2026-04-20T18:34:41","modified_gmt":"2026-04-20T22:34:41","slug":"sweater-blue-indigo-446006","status":"publish","type":"product","link":"https:\/\/modeconfort.com\/en\/product\/sweater-blue-indigo-446006\/","title":{"rendered":"Pull Bleu Indigo Punt Roma &#8211; Confort \u00c9l\u00e9gant Femme"},"content":{"rendered":"<p>Imaginez-vous envelopp\u00e9e d&rsquo;une douceur exquise, rayonnante d&rsquo;une \u00e9l\u00e9gance naturelle et sans effort.<\/p>\n<p>Ce sweater bleu indigo Mode Confort est votre alli\u00e9 id\u00e9al pour un d\u00eener en famille, une sortie culturelle ou une promenade chic. Sa coupe raffin\u00e9e offre un confort absolu tout en sublimant votre silhouette, vous assurant une aisance parfaite en toutes circonstances.<\/p>\n<p>Avec Mode Confort, vous choisissez la qualit\u00e9 europ\u00e9enne et une coupe flatteuse con\u00e7ue pour vous mettre en valeur. Facile d&rsquo;entretien, il conservera son allure impeccable. Sa coupe g\u00e9n\u00e9reuse s&rsquo;adapte \u00e0 toutes les silhouettes.<\/p>","protected":false},"excerpt":{"rendered":"<p>Profitez d&rsquo;un confort douillet pour vos soir\u00e9es entre amies, envelopp\u00e9e dans l&rsquo;\u00e9l\u00e9gance intemporelle de notre pull bleu indigo.<\/p>","protected":false},"featured_media":40455,"comment_status":"open","ping_status":"closed","template":"","meta":{"_acf_changed":false},"product_brand":[],"product_cat":[177],"product_tag":[],"class_list":{"0":"post-40044","1":"product","2":"type-product","3":"status-publish","4":"has-post-thumbnail","6":"product_cat-sweaters","8":"first","9":"instock","10":"sale","11":"taxable","12":"shipping-taxable","13":"purchasable","14":"product-type-variable","15":"has-default-attributes"},"acf":[],"_links":{"self":[{"href":"https:\/\/modeconfort.com\/en\/wp-json\/wp\/v2\/product\/40044","targetHints":{"allow":["GET"]}}],"collection":[{"href":"https:\/\/modeconfort.com\/en\/wp-json\/wp\/v2\/product"}],"about":[{"href":"https:\/\/modeconfort.com\/en\/wp-json\/wp\/v2\/types\/product"}],"replies":[{"embeddable":true,"href":"https:\/\/modeconfort.com\/en\/wp-json\/wp\/v2\/comments?post=40044"}],"wp:featuredmedia":[{"embeddable":true,"href":"https:\/\/modeconfort.com\/en\/wp-json\/wp\/v2\/media\/40455"}],"wp:attachment":[{"href":"https:\/\/modeconfort.com\/en\/wp-json\/wp\/v2\/media?parent=40044"}],"wp:term":[{"taxonomy":"product_brand","embeddable":true,"href":"https:\/\/modeconfort.com\/en\/wp-json\/wp\/v2\/product_brand?post=40044"},{"taxonomy":"product_cat","embeddable":true,"href":"https:\/\/modeconfort.com\/en\/wp-json\/wp\/v2\/product_cat?post=40044"},{"taxonomy":"product_tag","embeddable":true,"href":"https:\/\/modeconfort.com\/en\/wp-json\/wp\/v2\/product_tag?post=40044"}],"curies":[{"name":"wp","href":"https:\/\/api.w.org\/{rel}","templated":true}]}}