{"id":39973,"date":"2025-10-09T15:56:58","date_gmt":"2025-10-09T19:56:58","guid":{"rendered":"https:\/\/modeconfort.com\/product\/belt-blue-navy-443003\/"},"modified":"2026-04-15T11:32:19","modified_gmt":"2026-04-15T15:32:19","slug":"belt-blue-navy-443003","status":"publish","type":"product","link":"https:\/\/modeconfort.com\/en\/product\/belt-blue-navy-443003\/","title":{"rendered":"Ceinture Bleu Mode Confort &#8211; Mode Femme Canada"},"content":{"rendered":"<p>Avec cette ceinture bleu marine Mode Confort, vous vous sentirez parfaitement \u00e0 l&rsquo;aise et \u00e9l\u00e9gante, de la t\u00eate aux pieds. Sa souplesse enveloppe d\u00e9licatement votre taille, sublimant votre silhouette lors d&rsquo;un d\u00eener en famille ou d&rsquo;une sortie culturelle. Con\u00e7ue pour durer, la qualit\u00e9 europ\u00e9enne de Mode Confort se ressent \u00e0 chaque toucher. Sa coupe g\u00e9n\u00e9reuse s&rsquo;adapte avec aisance \u00e0 toutes les silhouettes, vous offrant une allure raffin\u00e9e sans compromis sur le confort.<\/p>","protected":false},"excerpt":{"rendered":"<p>Pour rehausser votre tenue de ville tout en douceur, cette ceinture bleue marine vous assure \u00e9l\u00e9gance et aisance toute la journ\u00e9e.<\/p>","protected":false},"featured_media":40400,"comment_status":"open","ping_status":"closed","template":"","meta":{"_acf_changed":false},"product_brand":[],"product_cat":[202,204],"product_tag":[],"class_list":{"0":"post-39973","1":"product","2":"type-product","3":"status-publish","4":"has-post-thumbnail","6":"product_cat-accessories","7":"product_cat-belts","9":"first","10":"instock","11":"taxable","12":"shipping-taxable","13":"purchasable","14":"product-type-variable","15":"has-default-attributes"},"acf":[],"_links":{"self":[{"href":"https:\/\/modeconfort.com\/en\/wp-json\/wp\/v2\/product\/39973","targetHints":{"allow":["GET"]}}],"collection":[{"href":"https:\/\/modeconfort.com\/en\/wp-json\/wp\/v2\/product"}],"about":[{"href":"https:\/\/modeconfort.com\/en\/wp-json\/wp\/v2\/types\/product"}],"replies":[{"embeddable":true,"href":"https:\/\/modeconfort.com\/en\/wp-json\/wp\/v2\/comments?post=39973"}],"wp:featuredmedia":[{"embeddable":true,"href":"https:\/\/modeconfort.com\/en\/wp-json\/wp\/v2\/media\/40400"}],"wp:attachment":[{"href":"https:\/\/modeconfort.com\/en\/wp-json\/wp\/v2\/media?parent=39973"}],"wp:term":[{"taxonomy":"product_brand","embeddable":true,"href":"https:\/\/modeconfort.com\/en\/wp-json\/wp\/v2\/product_brand?post=39973"},{"taxonomy":"product_cat","embeddable":true,"href":"https:\/\/modeconfort.com\/en\/wp-json\/wp\/v2\/product_cat?post=39973"},{"taxonomy":"product_tag","embeddable":true,"href":"https:\/\/modeconfort.com\/en\/wp-json\/wp\/v2\/product_tag?post=39973"}],"curies":[{"name":"wp","href":"https:\/\/api.w.org\/{rel}","templated":true}]}}