{"id":39498,"date":"2025-10-09T15:49:33","date_gmt":"2025-10-09T19:49:33","guid":{"rendered":"https:\/\/modeconfort.com\/product\/printed-dress-garnet-438621\/"},"modified":"2026-04-26T20:47:56","modified_gmt":"2026-04-27T00:47:56","slug":"printed-dress-garnet-438621","status":"publish","type":"product","link":"https:\/\/modeconfort.com\/en\/product\/printed-dress-garnet-438621\/","title":{"rendered":"Robe Imprim\u00e9e Mode Confort \u2013 Confort Raffin\u00e9 Femme"},"content":{"rendered":"<p>Enfilez cette robe et sentez-vous instantan\u00e9ment rayonnante, pr\u00eate \u00e0 embrasser chaque instant avec assurance et l\u00e9g\u00e8ret\u00e9. Sa coupe fluide et gracieuse \u00e9pouse d\u00e9licatement votre silhouette, offrant un confort in\u00e9gal\u00e9 pour vos d\u00eeners en famille, vos sorties culturelles ou une promenade \u00e9l\u00e9gante. Con\u00e7ue par Mode Confort, gage de qualit\u00e9 europ\u00e9enne, elle est d&rsquo;une aisance remarquable \u00e0 entretenir et saura sublimer votre allure. Sa coupe g\u00e9n\u00e9reuse s&rsquo;adapte avec \u00e9l\u00e9gance \u00e0 toutes les silhouettes.<\/p>","protected":false},"excerpt":{"rendered":"<p>Pour un d\u00eener \u00e9l\u00e9gant ou une sortie d\u00e9contract\u00e9e, cette robe imprim\u00e9e vous offre un confort raffin\u00e9 sans effort.<\/p>","protected":false},"featured_media":39797,"comment_status":"open","ping_status":"closed","template":"","meta":{"_acf_changed":false},"product_brand":[],"product_cat":[165],"product_tag":[],"class_list":{"0":"post-39498","1":"product","2":"type-product","3":"status-publish","4":"has-post-thumbnail","6":"product_cat-dresses","8":"first","9":"instock","10":"sale","11":"taxable","12":"shipping-taxable","13":"purchasable","14":"product-type-variable","15":"has-default-attributes"},"acf":[],"_links":{"self":[{"href":"https:\/\/modeconfort.com\/en\/wp-json\/wp\/v2\/product\/39498","targetHints":{"allow":["GET"]}}],"collection":[{"href":"https:\/\/modeconfort.com\/en\/wp-json\/wp\/v2\/product"}],"about":[{"href":"https:\/\/modeconfort.com\/en\/wp-json\/wp\/v2\/types\/product"}],"replies":[{"embeddable":true,"href":"https:\/\/modeconfort.com\/en\/wp-json\/wp\/v2\/comments?post=39498"}],"wp:featuredmedia":[{"embeddable":true,"href":"https:\/\/modeconfort.com\/en\/wp-json\/wp\/v2\/media\/39797"}],"wp:attachment":[{"href":"https:\/\/modeconfort.com\/en\/wp-json\/wp\/v2\/media?parent=39498"}],"wp:term":[{"taxonomy":"product_brand","embeddable":true,"href":"https:\/\/modeconfort.com\/en\/wp-json\/wp\/v2\/product_brand?post=39498"},{"taxonomy":"product_cat","embeddable":true,"href":"https:\/\/modeconfort.com\/en\/wp-json\/wp\/v2\/product_cat?post=39498"},{"taxonomy":"product_tag","embeddable":true,"href":"https:\/\/modeconfort.com\/en\/wp-json\/wp\/v2\/product_tag?post=39498"}],"curies":[{"name":"wp","href":"https:\/\/api.w.org\/{rel}","templated":true}]}}