{"id":39449,"date":"2025-10-09T15:48:27","date_gmt":"2025-10-09T19:48:27","guid":{"rendered":"https:\/\/modeconfort.com\/product\/ponte-di-roma-trous-garnet-marsala-437413\/"},"modified":"2026-04-27T20:49:42","modified_gmt":"2026-04-28T00:49:42","slug":"ponte-di-roma-trous-garnet-marsala-437413","status":"publish","type":"product","link":"https:\/\/modeconfort.com\/en\/product\/ponte-di-roma-trous-garnet-marsala-437413\/","title":{"rendered":"Pantalon Mode Confort Garnet Marsala Confortable Femme"},"content":{"rendered":"<p>Vous sentez une \u00e9l\u00e9gance naturelle vous envelopper, un confort qui vous suit du matin au soir.<\/p>\n<p>Ce pantalon basique Mode Confort, d&rsquo;un bordeaux grenat intemporel, est votre alli\u00e9 id\u00e9al pour un d\u00eener en famille, une sortie culturelle ou une promenade chic. Sa coupe g\u00e9n\u00e9reuse et son tissu de qualit\u00e9 sup\u00e9rieure vous offrent une libert\u00e9 de mouvement incomparable et une silhouette toujours impeccable.<\/p>\n<p>La r\u00e9putation de Mode Confort garantit une pi\u00e8ce durable et facile d&rsquo;entretien, con\u00e7ue pour flatter votre silhouette mature avec raffinement.<\/p>","protected":false},"excerpt":{"rendered":"<p>Pour vos sorties d\u00e9contract\u00e9es comme vos rendez-vous, ce pantalon garnet marsala allie l&rsquo;\u00e9l\u00e9gance \u00e0 un confort absolu.<\/p>","protected":false},"featured_media":39767,"comment_status":"open","ping_status":"closed","template":"","meta":{"_acf_changed":false},"product_brand":[],"product_cat":[215,266,163],"product_tag":[],"class_list":{"0":"post-39449","1":"product","2":"type-product","3":"status-publish","4":"has-post-thumbnail","6":"product_cat-basic","7":"product_cat-basic-trouser","8":"product_cat-trousers","10":"first","11":"instock","12":"sale","13":"taxable","14":"shipping-taxable","15":"purchasable","16":"product-type-variable","17":"has-default-attributes"},"acf":[],"_links":{"self":[{"href":"https:\/\/modeconfort.com\/en\/wp-json\/wp\/v2\/product\/39449","targetHints":{"allow":["GET"]}}],"collection":[{"href":"https:\/\/modeconfort.com\/en\/wp-json\/wp\/v2\/product"}],"about":[{"href":"https:\/\/modeconfort.com\/en\/wp-json\/wp\/v2\/types\/product"}],"replies":[{"embeddable":true,"href":"https:\/\/modeconfort.com\/en\/wp-json\/wp\/v2\/comments?post=39449"}],"wp:featuredmedia":[{"embeddable":true,"href":"https:\/\/modeconfort.com\/en\/wp-json\/wp\/v2\/media\/39767"}],"wp:attachment":[{"href":"https:\/\/modeconfort.com\/en\/wp-json\/wp\/v2\/media?parent=39449"}],"wp:term":[{"taxonomy":"product_brand","embeddable":true,"href":"https:\/\/modeconfort.com\/en\/wp-json\/wp\/v2\/product_brand?post=39449"},{"taxonomy":"product_cat","embeddable":true,"href":"https:\/\/modeconfort.com\/en\/wp-json\/wp\/v2\/product_cat?post=39449"},{"taxonomy":"product_tag","embeddable":true,"href":"https:\/\/modeconfort.com\/en\/wp-json\/wp\/v2\/product_tag?post=39449"}],"curies":[{"name":"wp","href":"https:\/\/api.w.org\/{rel}","templated":true}]}}