{"id":39311,"date":"2025-10-09T15:45:50","date_gmt":"2025-10-09T19:45:50","guid":{"rendered":"https:\/\/modeconfort.com\/product\/faux-plumetti-twinset-green-forest-434620\/"},"modified":"2026-04-28T20:52:44","modified_gmt":"2026-04-29T00:52:44","slug":"faux-plumetti-twinset-green-forest-434620","status":"publish","type":"product","link":"https:\/\/modeconfort.com\/en\/product\/faux-plumetti-twinset-green-forest-434620\/","title":{"rendered":"Twinset Vert For\u00eat Mode Confort &#8211; \u00c9l\u00e9gance D\u00e9contract\u00e9e Femme"},"content":{"rendered":"<p>Imaginez-vous envelopp\u00e9e d&rsquo;une douceur raffin\u00e9e, rayonnante d&rsquo;une \u00e9l\u00e9gance naturelle qui vous suit partout. Ce twinset Mode Confort, avec son motif faux plumetis subtil et sa teinte Vert For\u00eat, est id\u00e9al pour un d\u00eener en famille, une sortie culturelle ou une promenade chic. Sa coupe pens\u00e9e pour votre confort vous offre une aisance impeccable, tout en sublimant votre silhouette mature. Con\u00e7u avec la qualit\u00e9 europ\u00e9enne de Mode Confort, il est facile d&rsquo;entretien et vous assure une tenue impeccable, saison apr\u00e8s saison. Sa coupe g\u00e9n\u00e9reuse s&rsquo;adapte \u00e0 toutes les silhouettes.<\/p>","protected":false},"excerpt":{"rendered":"<p>\u00c9l\u00e9gance d\u00e9contract\u00e9e pour vos sorties, ce twinset vert for\u00eat vous enveloppe de confort et de style raffin\u00e9.<\/p>","protected":false},"featured_media":39668,"comment_status":"open","ping_status":"closed","template":"","meta":{"_acf_changed":false},"product_brand":[],"product_cat":[176],"product_tag":[],"class_list":{"0":"post-39311","1":"product","2":"type-product","3":"status-publish","4":"has-post-thumbnail","6":"product_cat-sets","8":"first","9":"instock","10":"sale","11":"taxable","12":"shipping-taxable","13":"purchasable","14":"product-type-variable","15":"has-default-attributes"},"acf":[],"_links":{"self":[{"href":"https:\/\/modeconfort.com\/en\/wp-json\/wp\/v2\/product\/39311","targetHints":{"allow":["GET"]}}],"collection":[{"href":"https:\/\/modeconfort.com\/en\/wp-json\/wp\/v2\/product"}],"about":[{"href":"https:\/\/modeconfort.com\/en\/wp-json\/wp\/v2\/types\/product"}],"replies":[{"embeddable":true,"href":"https:\/\/modeconfort.com\/en\/wp-json\/wp\/v2\/comments?post=39311"}],"wp:featuredmedia":[{"embeddable":true,"href":"https:\/\/modeconfort.com\/en\/wp-json\/wp\/v2\/media\/39668"}],"wp:attachment":[{"href":"https:\/\/modeconfort.com\/en\/wp-json\/wp\/v2\/media?parent=39311"}],"wp:term":[{"taxonomy":"product_brand","embeddable":true,"href":"https:\/\/modeconfort.com\/en\/wp-json\/wp\/v2\/product_brand?post=39311"},{"taxonomy":"product_cat","embeddable":true,"href":"https:\/\/modeconfort.com\/en\/wp-json\/wp\/v2\/product_cat?post=39311"},{"taxonomy":"product_tag","embeddable":true,"href":"https:\/\/modeconfort.com\/en\/wp-json\/wp\/v2\/product_tag?post=39311"}],"curies":[{"name":"wp","href":"https:\/\/api.w.org\/{rel}","templated":true}]}}