{"id":39081,"date":"2025-10-09T15:45:48","date_gmt":"2025-10-09T19:45:48","guid":{"rendered":"https:\/\/modeconfort.com\/product\/twinset-with-top-green-434600\/"},"modified":"2026-04-15T11:32:20","modified_gmt":"2026-04-15T15:32:20","slug":"twinset-with-top-green-434600","status":"publish","type":"product","link":"https:\/\/modeconfort.com\/en\/product\/twinset-with-top-green-434600\/","title":{"rendered":"Top Vert Mode Confort &#8211; D\u00e9contract\u00e9e Femme Canada"},"content":{"rendered":"<p>Imaginez-vous envelopp\u00e9e d&rsquo;une douceur raffin\u00e9e, o\u00f9 l&rsquo;\u00e9l\u00e9gance rencontre un confort absolu. Ce twinset Mode Confort vert, avec son haut d\u00e9licat et son gilet coordonn\u00e9, est id\u00e9al pour un d\u00eener en famille ou une sortie culturelle. Sa coupe fluide et flatteuse sublime votre silhouette, vous assurant une aisance parfaite. Con\u00e7u en Europe pour une qualit\u00e9 irr\u00e9prochable, il est facile d&rsquo;entretien et r\u00e9sistant. Vous vous sentirez non seulement chic, mais aussi parfaitement \u00e0 l&rsquo;aise, pour toutes les occasions.<\/p>","protected":false},"excerpt":{"rendered":"<p>pour un d\u00e9jeuner \u00e9l\u00e9gant ou une soir\u00e9e confortable, vous appr\u00e9cierez la douceur et le style de cet ensemble.<\/p>","protected":false},"featured_media":39524,"comment_status":"open","ping_status":"closed","template":"","meta":{"_acf_changed":false},"product_brand":[],"product_cat":[176],"product_tag":[],"class_list":{"0":"post-39081","1":"product","2":"type-product","3":"status-publish","4":"has-post-thumbnail","6":"product_cat-sets","8":"first","9":"instock","10":"sale","11":"taxable","12":"shipping-taxable","13":"purchasable","14":"product-type-variable","15":"has-default-attributes"},"acf":[],"_links":{"self":[{"href":"https:\/\/modeconfort.com\/en\/wp-json\/wp\/v2\/product\/39081","targetHints":{"allow":["GET"]}}],"collection":[{"href":"https:\/\/modeconfort.com\/en\/wp-json\/wp\/v2\/product"}],"about":[{"href":"https:\/\/modeconfort.com\/en\/wp-json\/wp\/v2\/types\/product"}],"replies":[{"embeddable":true,"href":"https:\/\/modeconfort.com\/en\/wp-json\/wp\/v2\/comments?post=39081"}],"wp:featuredmedia":[{"embeddable":true,"href":"https:\/\/modeconfort.com\/en\/wp-json\/wp\/v2\/media\/39524"}],"wp:attachment":[{"href":"https:\/\/modeconfort.com\/en\/wp-json\/wp\/v2\/media?parent=39081"}],"wp:term":[{"taxonomy":"product_brand","embeddable":true,"href":"https:\/\/modeconfort.com\/en\/wp-json\/wp\/v2\/product_brand?post=39081"},{"taxonomy":"product_cat","embeddable":true,"href":"https:\/\/modeconfort.com\/en\/wp-json\/wp\/v2\/product_cat?post=39081"},{"taxonomy":"product_tag","embeddable":true,"href":"https:\/\/modeconfort.com\/en\/wp-json\/wp\/v2\/product_tag?post=39081"}],"curies":[{"name":"wp","href":"https:\/\/api.w.org\/{rel}","templated":true}]}}