{"id":38478,"date":"2025-10-09T15:39:35","date_gmt":"2025-10-09T19:39:35","guid":{"rendered":"https:\/\/modeconfort.com\/product\/top-blue-navy-428315\/"},"modified":"2026-04-15T11:32:20","modified_gmt":"2026-04-15T15:32:20","slug":"top-428315","status":"publish","type":"product","link":"https:\/\/modeconfort.com\/en\/product\/top-428315\/","title":{"rendered":"Top Bleu Mode Confort &#8211; Du00e9contractu00e9e Femme Canada"},"content":{"rendered":"<p>Imaginez-vous rayonnante, \u00e0 l&rsquo;aise et \u00e9l\u00e9gante, peu importe l&rsquo;occasion.<\/p>\n<p>Notre Top Blue Navy de Mode Confort vous offre cette sensation de bien-\u00eatre absolu. Sa coupe fluide et son tissu doux \u00e9pousent d\u00e9licatement votre silhouette, pour un confort sans pareil lors d&rsquo;un d\u00eener en famille, d&rsquo;une sortie culturelle ou d&rsquo;une promenade raffin\u00e9e.<\/p>\n<p>La qualit\u00e9 europ\u00e9enne de Mode Confort assure une tenue impeccable et un entretien facile. Un basique intemporel qui sublime votre allure avec gr\u00e2ce. Sa coupe g\u00e9n\u00e9reuse s&rsquo;adapte \u00e0 toutes les silhouettes.<\/p>","protected":false},"excerpt":{"rendered":"<p>Pour une \u00e9l\u00e9gance d\u00e9contract\u00e9e au quotidien, ce top vous offre un confort absolu.<\/p>","protected":false},"featured_media":38804,"comment_status":"open","ping_status":"closed","template":"","meta":{"_acf_changed":false},"product_brand":[],"product_cat":[215,262,149,179],"product_tag":[],"class_list":{"0":"post-38478","1":"product","2":"type-product","3":"status-publish","4":"has-post-thumbnail","6":"product_cat-basic","7":"product_cat-basic-t-shirt","8":"product_cat-new-collection","9":"product_cat-tops","11":"first","12":"instock","13":"sale","14":"taxable","15":"shipping-taxable","16":"purchasable","17":"product-type-variable","18":"has-default-attributes"},"acf":[],"_links":{"self":[{"href":"https:\/\/modeconfort.com\/en\/wp-json\/wp\/v2\/product\/38478","targetHints":{"allow":["GET"]}}],"collection":[{"href":"https:\/\/modeconfort.com\/en\/wp-json\/wp\/v2\/product"}],"about":[{"href":"https:\/\/modeconfort.com\/en\/wp-json\/wp\/v2\/types\/product"}],"replies":[{"embeddable":true,"href":"https:\/\/modeconfort.com\/en\/wp-json\/wp\/v2\/comments?post=38478"}],"wp:featuredmedia":[{"embeddable":true,"href":"https:\/\/modeconfort.com\/en\/wp-json\/wp\/v2\/media\/38804"}],"wp:attachment":[{"href":"https:\/\/modeconfort.com\/en\/wp-json\/wp\/v2\/media?parent=38478"}],"wp:term":[{"taxonomy":"product_brand","embeddable":true,"href":"https:\/\/modeconfort.com\/en\/wp-json\/wp\/v2\/product_brand?post=38478"},{"taxonomy":"product_cat","embeddable":true,"href":"https:\/\/modeconfort.com\/en\/wp-json\/wp\/v2\/product_cat?post=38478"},{"taxonomy":"product_tag","embeddable":true,"href":"https:\/\/modeconfort.com\/en\/wp-json\/wp\/v2\/product_tag?post=38478"}],"curies":[{"name":"wp","href":"https:\/\/api.w.org\/{rel}","templated":true}]}}