{"id":38317,"date":"2025-10-09T15:38:53","date_gmt":"2025-10-09T19:38:53","guid":{"rendered":"https:\/\/modeconfort.com\/product\/reversible-parka-beige-428103\/"},"modified":"2026-04-15T11:32:21","modified_gmt":"2026-04-15T15:32:21","slug":"reversible-parka-beige-428103","status":"publish","type":"product","link":"https:\/\/modeconfort.com\/en\/product\/reversible-parka-beige-428103\/","title":{"rendered":"Parka Beige Mode Confort &#8211; Mode Femme Canada"},"content":{"rendered":"<p>Vous vous sentez instantan\u00e9ment envelopp\u00e9e d&rsquo;une \u00e9l\u00e9gance sans effort et d&rsquo;un confort absolu.<\/p>\n<p>Cette parka r\u00e9versible Mode Confort, au design intelligent, vous offre deux styles en un pour toutes vos sorties : un d\u00eener en famille ou une promenade raffin\u00e9e. Sa coupe g\u00e9n\u00e9reuse assure une aisance parfaite. Fabriqu\u00e9e avec la qualit\u00e9 europ\u00e9enne Mode Confort, elle vous garantit durabilit\u00e9 et un tomb\u00e9 impeccable qui sublime votre silhouette. Facile d&rsquo;entretien, elle deviendra vite votre alli\u00e9e mode.<\/p>","protected":false},"excerpt":{"rendered":"<p>Pour vos sorties automnales, cette parka r\u00e9versible vous offre une \u00e9l\u00e9gance et un confort in\u00e9gal\u00e9s.<\/p>","protected":false},"featured_media":38320,"comment_status":"open","ping_status":"closed","template":"","meta":{"_acf_changed":false},"product_brand":[],"product_cat":[149,174,164],"product_tag":[],"class_list":{"0":"post-38317","1":"product","2":"type-product","3":"status-publish","4":"has-post-thumbnail","6":"product_cat-new-collection","7":"product_cat-jackets","8":"product_cat-parkas","10":"first","11":"instock","12":"sale","13":"taxable","14":"shipping-taxable","15":"purchasable","16":"product-type-variable","17":"has-default-attributes"},"acf":[],"_links":{"self":[{"href":"https:\/\/modeconfort.com\/en\/wp-json\/wp\/v2\/product\/38317","targetHints":{"allow":["GET"]}}],"collection":[{"href":"https:\/\/modeconfort.com\/en\/wp-json\/wp\/v2\/product"}],"about":[{"href":"https:\/\/modeconfort.com\/en\/wp-json\/wp\/v2\/types\/product"}],"replies":[{"embeddable":true,"href":"https:\/\/modeconfort.com\/en\/wp-json\/wp\/v2\/comments?post=38317"}],"wp:featuredmedia":[{"embeddable":true,"href":"https:\/\/modeconfort.com\/en\/wp-json\/wp\/v2\/media\/38320"}],"wp:attachment":[{"href":"https:\/\/modeconfort.com\/en\/wp-json\/wp\/v2\/media?parent=38317"}],"wp:term":[{"taxonomy":"product_brand","embeddable":true,"href":"https:\/\/modeconfort.com\/en\/wp-json\/wp\/v2\/product_brand?post=38317"},{"taxonomy":"product_cat","embeddable":true,"href":"https:\/\/modeconfort.com\/en\/wp-json\/wp\/v2\/product_cat?post=38317"},{"taxonomy":"product_tag","embeddable":true,"href":"https:\/\/modeconfort.com\/en\/wp-json\/wp\/v2\/product_tag?post=38317"}],"curies":[{"name":"wp","href":"https:\/\/api.w.org\/{rel}","templated":true}]}}