{"id":37679,"date":"2025-10-09T15:35:09","date_gmt":"2025-10-09T19:35:09","guid":{"rendered":"https:\/\/modeconfort.com\/product\/black-trousers-black-427119\/"},"modified":"2026-04-15T11:32:21","modified_gmt":"2026-04-15T15:32:21","slug":"black-trousers-black-427119","status":"publish","type":"product","link":"https:\/\/modeconfort.com\/en\/product\/black-trousers-black-427119\/","title":{"rendered":"Pantalon Noir Mode Confort &#8211; Confortable Femme Canada"},"content":{"rendered":"<p>Imaginez-vous rayonnante, pleine d&rsquo;assurance, dans un confort absolu. Ce pantalon noir Mode Confort, \u00e0 la coupe impeccable, \u00e9pouse d\u00e9licatement votre silhouette pour une \u00e9l\u00e9gance intemporelle. Id\u00e9al pour un d\u00eener en famille, une sortie culturelle ou une promenade chic, il vous assure une prestance remarquable en toute occasion. Con\u00e7u avec la qualit\u00e9 europ\u00e9enne de Mode Confort, il est facile \u00e0 entretenir et sa coupe g\u00e9n\u00e9reuse s&rsquo;adapte \u00e0 merveille \u00e0 toutes les silhouettes.<\/p>","protected":false},"excerpt":{"rendered":"<p>Pour une soir\u00e9e \u00e9l\u00e9gante ou un quotidien actif, vous \u00eates \u00e0 l&rsquo;aise dans ce pantalon noir intemporel.<\/p>","protected":false},"featured_media":37682,"comment_status":"open","ping_status":"closed","template":"","meta":{"_acf_changed":false},"product_brand":[],"product_cat":[149,163],"product_tag":[],"class_list":{"0":"post-37679","1":"product","2":"type-product","3":"status-publish","4":"has-post-thumbnail","6":"product_cat-new-collection","7":"product_cat-trousers","9":"first","10":"instock","11":"sale","12":"taxable","13":"shipping-taxable","14":"purchasable","15":"product-type-variable","16":"has-default-attributes"},"acf":[],"_links":{"self":[{"href":"https:\/\/modeconfort.com\/en\/wp-json\/wp\/v2\/product\/37679","targetHints":{"allow":["GET"]}}],"collection":[{"href":"https:\/\/modeconfort.com\/en\/wp-json\/wp\/v2\/product"}],"about":[{"href":"https:\/\/modeconfort.com\/en\/wp-json\/wp\/v2\/types\/product"}],"replies":[{"embeddable":true,"href":"https:\/\/modeconfort.com\/en\/wp-json\/wp\/v2\/comments?post=37679"}],"wp:featuredmedia":[{"embeddable":true,"href":"https:\/\/modeconfort.com\/en\/wp-json\/wp\/v2\/media\/37682"}],"wp:attachment":[{"href":"https:\/\/modeconfort.com\/en\/wp-json\/wp\/v2\/media?parent=37679"}],"wp:term":[{"taxonomy":"product_brand","embeddable":true,"href":"https:\/\/modeconfort.com\/en\/wp-json\/wp\/v2\/product_brand?post=37679"},{"taxonomy":"product_cat","embeddable":true,"href":"https:\/\/modeconfort.com\/en\/wp-json\/wp\/v2\/product_cat?post=37679"},{"taxonomy":"product_tag","embeddable":true,"href":"https:\/\/modeconfort.com\/en\/wp-json\/wp\/v2\/product_tag?post=37679"}],"curies":[{"name":"wp","href":"https:\/\/api.w.org\/{rel}","templated":true}]}}