{"id":36185,"date":"2025-10-09T15:26:57","date_gmt":"2025-10-09T19:26:57","guid":{"rendered":"https:\/\/modeconfort.com\/product\/beige-blazer-beige-toasted-420179\/"},"modified":"2026-04-15T11:32:21","modified_gmt":"2026-04-15T15:32:21","slug":"beige-blazer-beige-toasted-420179","status":"publish","type":"product","link":"https:\/\/modeconfort.com\/en\/product\/beige-blazer-beige-toasted-420179\/","title":{"rendered":"Blazer Beige Mode Confort &#8211; Chic Femme Canada"},"content":{"rendered":"<p>Sentez-vous envelopp\u00e9e d&rsquo;une \u00e9l\u00e9gance sereine et confiante d\u00e8s que vous enfilez ce blazer. Sa coupe droite moderne, ni trop ajust\u00e9e ni trop ample, vous offre un confort absolu pour une promenade \u00e9l\u00e9gante, un d\u00eener en famille ou une sortie culturelle. Confectionn\u00e9 par Mode Confort, gage de qualit\u00e9 europ\u00e9enne, il sublime votre silhouette avec aisance. Facile d&rsquo;entretien, il deviendra vite un incontournable. Sa coupe g\u00e9n\u00e9reuse s&rsquo;adapte \u00e0 toutes les silhouettes.<\/p>","protected":false},"excerpt":{"rendered":"<p>Pour une \u00e9l\u00e9gance sans effort au bureau ou un d\u00eener entre amies, enfilez ce blazer beige toast\u00e9 au confort douillet.<\/p>","protected":false},"featured_media":36188,"comment_status":"open","ping_status":"closed","template":"","meta":{"_acf_changed":false},"product_brand":[],"product_cat":[150,149],"product_tag":[],"class_list":{"0":"post-36185","1":"product","2":"type-product","3":"status-publish","4":"has-post-thumbnail","6":"product_cat-blazers","7":"product_cat-new-collection","9":"first","10":"instock","11":"sale","12":"taxable","13":"shipping-taxable","14":"purchasable","15":"product-type-variable","16":"has-default-attributes"},"acf":[],"_links":{"self":[{"href":"https:\/\/modeconfort.com\/en\/wp-json\/wp\/v2\/product\/36185","targetHints":{"allow":["GET"]}}],"collection":[{"href":"https:\/\/modeconfort.com\/en\/wp-json\/wp\/v2\/product"}],"about":[{"href":"https:\/\/modeconfort.com\/en\/wp-json\/wp\/v2\/types\/product"}],"replies":[{"embeddable":true,"href":"https:\/\/modeconfort.com\/en\/wp-json\/wp\/v2\/comments?post=36185"}],"wp:featuredmedia":[{"embeddable":true,"href":"https:\/\/modeconfort.com\/en\/wp-json\/wp\/v2\/media\/36188"}],"wp:attachment":[{"href":"https:\/\/modeconfort.com\/en\/wp-json\/wp\/v2\/media?parent=36185"}],"wp:term":[{"taxonomy":"product_brand","embeddable":true,"href":"https:\/\/modeconfort.com\/en\/wp-json\/wp\/v2\/product_brand?post=36185"},{"taxonomy":"product_cat","embeddable":true,"href":"https:\/\/modeconfort.com\/en\/wp-json\/wp\/v2\/product_cat?post=36185"},{"taxonomy":"product_tag","embeddable":true,"href":"https:\/\/modeconfort.com\/en\/wp-json\/wp\/v2\/product_tag?post=36185"}],"curies":[{"name":"wp","href":"https:\/\/api.w.org\/{rel}","templated":true}]}}