{"id":36162,"date":"2025-10-09T15:26:51","date_gmt":"2025-10-09T19:26:51","guid":{"rendered":"https:\/\/modeconfort.com\/product\/blazer-green-agate-420178\/"},"modified":"2026-04-15T11:32:21","modified_gmt":"2026-04-15T15:32:21","slug":"blazer-green-agate-420178","status":"publish","type":"product","link":"https:\/\/modeconfort.com\/en\/product\/blazer-green-agate-420178\/","title":{"rendered":"Blazer Vert Mode Confort &#8211; Chic Femme Canada"},"content":{"rendered":"<p>Enfilez ce blazer et sentez-vous instantan\u00e9ment \u00e9l\u00e9gante, confiante et pr\u00eate \u00e0 conqu\u00e9rir votre journ\u00e9e avec style. Sa coupe droite l\u00e9g\u00e8rement ajust\u00e9e sublime votre silhouette sans jamais la contraindre, offrant un confort absolu pour un d\u00eener en famille, une sortie culturelle ou une promenade chic. Con\u00e7u par Mode Confort, gage de qualit\u00e9 europ\u00e9enne, il est facile d&rsquo;entretien et conserve son allure impeccable lavage apr\u00e8s lavage. Sa coupe g\u00e9n\u00e9reuse s&rsquo;adapte \u00e0 toutes les silhouettes.<\/p>","protected":false},"excerpt":{"rendered":"<p>Pour vos r\u00e9unions ou sorties, enfilez ce blazer qui allie \u00e9l\u00e9gance naturelle et confort absolu.<\/p>","protected":false},"featured_media":36165,"comment_status":"open","ping_status":"closed","template":"","meta":{"_acf_changed":false},"product_brand":[],"product_cat":[150,149],"product_tag":[],"class_list":{"0":"post-36162","1":"product","2":"type-product","3":"status-publish","4":"has-post-thumbnail","6":"product_cat-blazers","7":"product_cat-new-collection","9":"first","10":"instock","11":"sale","12":"taxable","13":"shipping-taxable","14":"purchasable","15":"product-type-variable","16":"has-default-attributes"},"acf":[],"_links":{"self":[{"href":"https:\/\/modeconfort.com\/en\/wp-json\/wp\/v2\/product\/36162","targetHints":{"allow":["GET"]}}],"collection":[{"href":"https:\/\/modeconfort.com\/en\/wp-json\/wp\/v2\/product"}],"about":[{"href":"https:\/\/modeconfort.com\/en\/wp-json\/wp\/v2\/types\/product"}],"replies":[{"embeddable":true,"href":"https:\/\/modeconfort.com\/en\/wp-json\/wp\/v2\/comments?post=36162"}],"wp:featuredmedia":[{"embeddable":true,"href":"https:\/\/modeconfort.com\/en\/wp-json\/wp\/v2\/media\/36165"}],"wp:attachment":[{"href":"https:\/\/modeconfort.com\/en\/wp-json\/wp\/v2\/media?parent=36162"}],"wp:term":[{"taxonomy":"product_brand","embeddable":true,"href":"https:\/\/modeconfort.com\/en\/wp-json\/wp\/v2\/product_brand?post=36162"},{"taxonomy":"product_cat","embeddable":true,"href":"https:\/\/modeconfort.com\/en\/wp-json\/wp\/v2\/product_cat?post=36162"},{"taxonomy":"product_tag","embeddable":true,"href":"https:\/\/modeconfort.com\/en\/wp-json\/wp\/v2\/product_tag?post=36162"}],"curies":[{"name":"wp","href":"https:\/\/api.w.org\/{rel}","templated":true}]}}