{"id":36139,"date":"2025-10-09T15:26:44","date_gmt":"2025-10-09T19:26:44","guid":{"rendered":"https:\/\/modeconfort.com\/product\/blazer-red-coral-420176\/"},"modified":"2026-04-15T11:32:21","modified_gmt":"2026-04-15T15:32:21","slug":"blazer-red-coral-420176","status":"publish","type":"product","link":"https:\/\/modeconfort.com\/en\/product\/blazer-red-coral-420176\/","title":{"rendered":"Blazer Rouge Mode Confort &#8211; Chic Femme Canada"},"content":{"rendered":"<p>En enfilant le blazer Red Coral, vous vous sentez instantan\u00e9ment rayonnante et confiante.<\/p>\n<p>Sa coupe impeccable, sign\u00e9e Mode Confort, \u00e9pouse d\u00e9licatement votre silhouette, offrant un confort in\u00e9gal\u00e9 pour un d\u00eener en famille, une sortie culturelle ou une promenade \u00e9l\u00e9gante. L\u00e9ger et agr\u00e9able, il est id\u00e9al pour rehausser toutes vos tenues avec une touche de couleur vive et distingu\u00e9e.<\/p>\n<p>Con\u00e7u pour durer, ce blazer refl\u00e8te l&rsquo;excellence europ\u00e9enne et s&rsquo;entretient avec une grande facilit\u00e9. Sa coupe g\u00e9n\u00e9reuse s&rsquo;adapte \u00e0 toutes les silhouettes.<\/p>","protected":false},"excerpt":{"rendered":"<p>Pour vos journ\u00e9es actives ou vos sorties chics, ce blazer rouge corail vous enveloppe d&rsquo;une \u00e9l\u00e9gance et d&rsquo;un confort rassurants.<\/p>","protected":false},"featured_media":36142,"comment_status":"open","ping_status":"closed","template":"","meta":{"_acf_changed":false},"product_brand":[],"product_cat":[150,149],"product_tag":[],"class_list":{"0":"post-36139","1":"product","2":"type-product","3":"status-publish","4":"has-post-thumbnail","6":"product_cat-blazers","7":"product_cat-new-collection","9":"first","10":"instock","11":"sale","12":"taxable","13":"shipping-taxable","14":"purchasable","15":"product-type-variable","16":"has-default-attributes"},"acf":[],"_links":{"self":[{"href":"https:\/\/modeconfort.com\/en\/wp-json\/wp\/v2\/product\/36139","targetHints":{"allow":["GET"]}}],"collection":[{"href":"https:\/\/modeconfort.com\/en\/wp-json\/wp\/v2\/product"}],"about":[{"href":"https:\/\/modeconfort.com\/en\/wp-json\/wp\/v2\/types\/product"}],"replies":[{"embeddable":true,"href":"https:\/\/modeconfort.com\/en\/wp-json\/wp\/v2\/comments?post=36139"}],"wp:featuredmedia":[{"embeddable":true,"href":"https:\/\/modeconfort.com\/en\/wp-json\/wp\/v2\/media\/36142"}],"wp:attachment":[{"href":"https:\/\/modeconfort.com\/en\/wp-json\/wp\/v2\/media?parent=36139"}],"wp:term":[{"taxonomy":"product_brand","embeddable":true,"href":"https:\/\/modeconfort.com\/en\/wp-json\/wp\/v2\/product_brand?post=36139"},{"taxonomy":"product_cat","embeddable":true,"href":"https:\/\/modeconfort.com\/en\/wp-json\/wp\/v2\/product_cat?post=36139"},{"taxonomy":"product_tag","embeddable":true,"href":"https:\/\/modeconfort.com\/en\/wp-json\/wp\/v2\/product_tag?post=36139"}],"curies":[{"name":"wp","href":"https:\/\/api.w.org\/{rel}","templated":true}]}}