{"id":35504,"date":"2025-10-09T15:33:01","date_gmt":"2025-10-09T19:33:01","guid":{"rendered":"https:\/\/modeconfort.com\/product\/loafer-metal-bronze-423928\/"},"modified":"2026-04-20T18:34:31","modified_gmt":"2026-04-20T22:34:31","slug":"loafer-metal-bronze-423928","status":"publish","type":"product","link":"https:\/\/modeconfort.com\/en\/product\/loafer-metal-bronze-423928\/","title":{"rendered":"Mocassins Mode Confort &#8211; Mode Femme Canada"},"content":{"rendered":"<p>Glissez-vous dans le confort absolu et sentez-vous \u00e9l\u00e9gante \u00e0 chaque pas. Ces mocassins Mode Confort sont pens\u00e9s pour votre bien-\u00eatre : l\u00e9gers, souples, ils enveloppent d\u00e9licatement votre pied sans le comprimer. Id\u00e9aux pour un d\u00eener en famille, une exposition ou une promenade chic en ville. La qualit\u00e9 Punt Roma assure une durabilit\u00e9 et un maintien irr\u00e9prochable. Faciles \u00e0 chausser, ils compl\u00e8tent avec raffinement toutes vos tenues. Leur coupe g\u00e9n\u00e9reuse s&rsquo;adapte \u00e0 toutes les silhouettes.<\/p>","protected":false},"excerpt":{"rendered":"<p>Pour vos sorties citadines, ces mocassins bronze vous offrent un style impeccable et un confort rassurant \u00e0 chaque pas.<\/p>","protected":false},"featured_media":36009,"comment_status":"open","ping_status":"closed","template":"","meta":{"_acf_changed":false},"product_brand":[],"product_cat":[202,149,160,329],"product_tag":[],"class_list":{"0":"post-35504","1":"product","2":"type-product","3":"status-publish","4":"has-post-thumbnail","6":"product_cat-accessories","7":"product_cat-new-collection","8":"product_cat-footwear","9":"product_cat-soldes","11":"first","12":"instock","13":"sale","14":"taxable","15":"shipping-taxable","16":"purchasable","17":"product-type-variable","18":"has-default-attributes"},"acf":[],"_links":{"self":[{"href":"https:\/\/modeconfort.com\/en\/wp-json\/wp\/v2\/product\/35504","targetHints":{"allow":["GET"]}}],"collection":[{"href":"https:\/\/modeconfort.com\/en\/wp-json\/wp\/v2\/product"}],"about":[{"href":"https:\/\/modeconfort.com\/en\/wp-json\/wp\/v2\/types\/product"}],"replies":[{"embeddable":true,"href":"https:\/\/modeconfort.com\/en\/wp-json\/wp\/v2\/comments?post=35504"}],"wp:featuredmedia":[{"embeddable":true,"href":"https:\/\/modeconfort.com\/en\/wp-json\/wp\/v2\/media\/36009"}],"wp:attachment":[{"href":"https:\/\/modeconfort.com\/en\/wp-json\/wp\/v2\/media?parent=35504"}],"wp:term":[{"taxonomy":"product_brand","embeddable":true,"href":"https:\/\/modeconfort.com\/en\/wp-json\/wp\/v2\/product_brand?post=35504"},{"taxonomy":"product_cat","embeddable":true,"href":"https:\/\/modeconfort.com\/en\/wp-json\/wp\/v2\/product_cat?post=35504"},{"taxonomy":"product_tag","embeddable":true,"href":"https:\/\/modeconfort.com\/en\/wp-json\/wp\/v2\/product_tag?post=35504"}],"curies":[{"name":"wp","href":"https:\/\/api.w.org\/{rel}","templated":true}]}}