{"id":35048,"date":"2025-10-09T15:26:22","date_gmt":"2025-10-09T19:26:22","guid":{"rendered":"https:\/\/modeconfort.com\/product\/crepe-blazer-blue-navy-420165\/"},"modified":"2026-04-15T11:32:21","modified_gmt":"2026-04-15T15:32:21","slug":"crepe-blazer-blue-navy-420165","status":"publish","type":"product","link":"https:\/\/modeconfort.com\/en\/product\/crepe-blazer-blue-navy-420165\/","title":{"rendered":"Blazer Bleu Mode Confort &#8211; Chic Femme Canada"},"content":{"rendered":"<p>Glissez-vous dans ce blazer et sentez-vous instantan\u00e9ment confiante et raffin\u00e9e. Sa coupe impeccable \u00e9pouse votre silhouette avec aisance, vous offrant une libert\u00e9 de mouvement appr\u00e9ciable, que ce soit pour un d\u00eener en famille ou une sortie culturelle. Con\u00e7u par Mode Confort, ce blazer bleu marine en cr\u00eape est synonyme de qualit\u00e9 europ\u00e9enne et d&rsquo;un style intemporel. Il sera votre alli\u00e9 \u00e9l\u00e9gant pour toutes les occasions, facile \u00e0 entretenir et toujours impeccable. Sa coupe g\u00e9n\u00e9reuse s&rsquo;adapte avec gr\u00e2ce \u00e0 toutes les silhouettes.<\/p>","protected":false},"excerpt":{"rendered":"<p>Pour vos r\u00e9unions ou sorties, ce blazer marine allie \u00e9l\u00e9gance intemporelle et confort absolu.<\/p>","protected":false},"featured_media":35050,"comment_status":"open","ping_status":"closed","template":"","meta":{"_acf_changed":false},"product_brand":[],"product_cat":[150,149],"product_tag":[],"class_list":{"0":"post-35048","1":"product","2":"type-product","3":"status-publish","4":"has-post-thumbnail","6":"product_cat-blazers","7":"product_cat-new-collection","9":"first","10":"instock","11":"sale","12":"taxable","13":"shipping-taxable","14":"purchasable","15":"product-type-variable","16":"has-default-attributes"},"acf":[],"_links":{"self":[{"href":"https:\/\/modeconfort.com\/en\/wp-json\/wp\/v2\/product\/35048","targetHints":{"allow":["GET"]}}],"collection":[{"href":"https:\/\/modeconfort.com\/en\/wp-json\/wp\/v2\/product"}],"about":[{"href":"https:\/\/modeconfort.com\/en\/wp-json\/wp\/v2\/types\/product"}],"replies":[{"embeddable":true,"href":"https:\/\/modeconfort.com\/en\/wp-json\/wp\/v2\/comments?post=35048"}],"wp:featuredmedia":[{"embeddable":true,"href":"https:\/\/modeconfort.com\/en\/wp-json\/wp\/v2\/media\/35050"}],"wp:attachment":[{"href":"https:\/\/modeconfort.com\/en\/wp-json\/wp\/v2\/media?parent=35048"}],"wp:term":[{"taxonomy":"product_brand","embeddable":true,"href":"https:\/\/modeconfort.com\/en\/wp-json\/wp\/v2\/product_brand?post=35048"},{"taxonomy":"product_cat","embeddable":true,"href":"https:\/\/modeconfort.com\/en\/wp-json\/wp\/v2\/product_cat?post=35048"},{"taxonomy":"product_tag","embeddable":true,"href":"https:\/\/modeconfort.com\/en\/wp-json\/wp\/v2\/product_tag?post=35048"}],"curies":[{"name":"wp","href":"https:\/\/api.w.org\/{rel}","templated":true}]}}