{"id":35005,"date":"2025-10-09T15:25:49","date_gmt":"2025-10-09T19:25:49","guid":{"rendered":"https:\/\/modeconfort.com\/product\/blazer-white-talc-420157\/"},"modified":"2026-04-15T11:32:21","modified_gmt":"2026-04-15T15:32:21","slug":"blazer-white-talc-420157","status":"publish","type":"product","link":"https:\/\/modeconfort.com\/en\/product\/blazer-white-talc-420157\/","title":{"rendered":"Blazer Blanc Mode Confort &#8211; Chic Femme Canada"},"content":{"rendered":"<p>Enfilez le Blazer White Talc et ressentez une \u00e9l\u00e9gance naturelle, une confiance sereine. Sa coupe impeccable sublime votre silhouette, offrant un confort absolu pour un d\u00eener en famille ou une sortie culturelle. Id\u00e9al pour une promenade \u00e9l\u00e9gante, il vous accompagne avec style. Con\u00e7u par Mode Confort, gage de qualit\u00e9 europ\u00e9enne, ce blazer est facile d&rsquo;entretien et sa coupe g\u00e9n\u00e9reuse s&rsquo;adapte \u00e0 toutes les silhouettes.<\/p>","protected":false},"excerpt":{"rendered":"<p>Pour vos d\u00e9jeuners entre amies, enfilez ce blazer qui allie style impeccable et confort absolu.<\/p>","protected":false},"featured_media":35007,"comment_status":"open","ping_status":"closed","template":"","meta":{"_acf_changed":false},"product_brand":[],"product_cat":[150,149],"product_tag":[],"class_list":{"0":"post-35005","1":"product","2":"type-product","3":"status-publish","4":"has-post-thumbnail","6":"product_cat-blazers","7":"product_cat-new-collection","9":"first","10":"instock","11":"sale","12":"taxable","13":"shipping-taxable","14":"purchasable","15":"product-type-variable","16":"has-default-attributes"},"acf":[],"_links":{"self":[{"href":"https:\/\/modeconfort.com\/en\/wp-json\/wp\/v2\/product\/35005","targetHints":{"allow":["GET"]}}],"collection":[{"href":"https:\/\/modeconfort.com\/en\/wp-json\/wp\/v2\/product"}],"about":[{"href":"https:\/\/modeconfort.com\/en\/wp-json\/wp\/v2\/types\/product"}],"replies":[{"embeddable":true,"href":"https:\/\/modeconfort.com\/en\/wp-json\/wp\/v2\/comments?post=35005"}],"wp:featuredmedia":[{"embeddable":true,"href":"https:\/\/modeconfort.com\/en\/wp-json\/wp\/v2\/media\/35007"}],"wp:attachment":[{"href":"https:\/\/modeconfort.com\/en\/wp-json\/wp\/v2\/media?parent=35005"}],"wp:term":[{"taxonomy":"product_brand","embeddable":true,"href":"https:\/\/modeconfort.com\/en\/wp-json\/wp\/v2\/product_brand?post=35005"},{"taxonomy":"product_cat","embeddable":true,"href":"https:\/\/modeconfort.com\/en\/wp-json\/wp\/v2\/product_cat?post=35005"},{"taxonomy":"product_tag","embeddable":true,"href":"https:\/\/modeconfort.com\/en\/wp-json\/wp\/v2\/product_tag?post=35005"}],"curies":[{"name":"wp","href":"https:\/\/api.w.org\/{rel}","templated":true}]}}