{"id":34617,"date":"2025-10-09T15:16:18","date_gmt":"2025-10-09T19:16:18","guid":{"rendered":"https:\/\/modeconfort.com\/product\/sequins-t-shirt-red-1580\/"},"modified":"2026-04-15T11:32:22","modified_gmt":"2026-04-15T15:32:22","slug":"sequins-t-shirt-red-1580","status":"publish","type":"product","link":"https:\/\/modeconfort.com\/en\/product\/sequins-t-shirt-red-1580\/","title":{"rendered":"Chemise Rouge Mode Confort &#8211; Raffinu00e9e Femme Canada"},"content":{"rendered":"<p>Enfilez ce t-shirt et sentez-vous instantan\u00e9ment lumineuse, pr\u00eate \u00e0 rayonner avec une \u00e9l\u00e9gance discr\u00e8te.<\/p>\n<p>Sa coupe ample et fluide vous assure un confort absolu, id\u00e9al pour un d\u00eener en famille, une sortie culturelle ou une promenade chic. Les d\u00e9licats sequins rouges apportent une touche de gaiet\u00e9 raffin\u00e9e sans jamais en faire trop. Con\u00e7u par Mode Confort, gage de qualit\u00e9 europ\u00e9enne, ce haut est facile d&rsquo;entretien et conserve sa tenue. Sa coupe g\u00e9n\u00e9reuse s&rsquo;adapte avec gr\u00e2ce \u00e0 toutes les silhouettes.<\/p>","protected":false},"excerpt":{"rendered":"<p>\u00c9l\u00e9gance assur\u00e9e pour vos soir\u00e9es, ce t-shirt \u00e0 sequins rouge vous offre un confort in\u00e9gal\u00e9 pour briller sans contrainte.<\/p>","protected":false},"featured_media":34619,"comment_status":"open","ping_status":"closed","template":"","meta":{"_acf_changed":false},"product_brand":[],"product_cat":[149,172],"product_tag":[],"class_list":{"0":"post-34617","1":"product","2":"type-product","3":"status-publish","4":"has-post-thumbnail","6":"product_cat-new-collection","7":"product_cat-t-shirts","9":"first","10":"instock","11":"sale","12":"taxable","13":"shipping-taxable","14":"purchasable","15":"product-type-variable","16":"has-default-attributes"},"acf":[],"_links":{"self":[{"href":"https:\/\/modeconfort.com\/en\/wp-json\/wp\/v2\/product\/34617","targetHints":{"allow":["GET"]}}],"collection":[{"href":"https:\/\/modeconfort.com\/en\/wp-json\/wp\/v2\/product"}],"about":[{"href":"https:\/\/modeconfort.com\/en\/wp-json\/wp\/v2\/types\/product"}],"replies":[{"embeddable":true,"href":"https:\/\/modeconfort.com\/en\/wp-json\/wp\/v2\/comments?post=34617"}],"wp:featuredmedia":[{"embeddable":true,"href":"https:\/\/modeconfort.com\/en\/wp-json\/wp\/v2\/media\/34619"}],"wp:attachment":[{"href":"https:\/\/modeconfort.com\/en\/wp-json\/wp\/v2\/media?parent=34617"}],"wp:term":[{"taxonomy":"product_brand","embeddable":true,"href":"https:\/\/modeconfort.com\/en\/wp-json\/wp\/v2\/product_brand?post=34617"},{"taxonomy":"product_cat","embeddable":true,"href":"https:\/\/modeconfort.com\/en\/wp-json\/wp\/v2\/product_cat?post=34617"},{"taxonomy":"product_tag","embeddable":true,"href":"https:\/\/modeconfort.com\/en\/wp-json\/wp\/v2\/product_tag?post=34617"}],"curies":[{"name":"wp","href":"https:\/\/api.w.org\/{rel}","templated":true}]}}