{"id":34372,"date":"2023-10-20T13:14:03","date_gmt":"2023-10-20T17:14:03","guid":{"rendered":"https:\/\/modeconfort.com\/product\/gift-card\/"},"modified":"2026-04-14T12:27:17","modified_gmt":"2026-04-14T16:27:17","slug":"gift-card","status":"publish","type":"product","link":"https:\/\/modeconfort.com\/en\/product\/gift-card\/","title":{"rendered":"Gift Card"},"content":{"rendered":"<p>Offrez le cadeau de l&rsquo;\u00e9l\u00e9gance et du bien-\u00eatre avec notre Carte Cadeau Mode Confort. Vous permettez \u00e0 vos proches de choisir la pi\u00e8ce Mode Confort qui les fera se sentir belles et confiantes, que ce soit pour un d\u00eener en famille ou une sortie culturelle. Une attention d\u00e9licate qui promet un confort in\u00e9gal\u00e9 et une qualit\u00e9 europ\u00e9enne reconnue. Id\u00e9al pour celles qui appr\u00e9cient la mode intemporelle et les coupes flatteuses. Offrir Mode Confort, c&rsquo;est offrir le plaisir de se sentir bien dans sa peau, avec la certitude d&rsquo;un v\u00eatement facile \u00e0 entretenir et d&rsquo;une tenue parfaite pour chaque occasion.<\/p>","protected":false},"excerpt":{"rendered":"<p>Offrez l&rsquo;\u00e9l\u00e9gance du choix et le confort douillet de nos tenues pour vos soir\u00e9es entre amies ou vos moments de d\u00e9tente.<\/p>","protected":false},"featured_media":34377,"comment_status":"open","ping_status":"closed","template":"","meta":{"_acf_changed":false},"product_brand":[],"product_cat":[328,15],"product_tag":[],"class_list":{"0":"post-34372","1":"product","2":"type-product","3":"status-publish","4":"has-post-thumbnail","6":"product_cat-liquidation","7":"product_cat-uncategorized","9":"first","10":"instock","11":"sale","12":"purchasable","13":"product-type-pw-gift-card"},"acf":[],"_links":{"self":[{"href":"https:\/\/modeconfort.com\/en\/wp-json\/wp\/v2\/product\/34372","targetHints":{"allow":["GET"]}}],"collection":[{"href":"https:\/\/modeconfort.com\/en\/wp-json\/wp\/v2\/product"}],"about":[{"href":"https:\/\/modeconfort.com\/en\/wp-json\/wp\/v2\/types\/product"}],"replies":[{"embeddable":true,"href":"https:\/\/modeconfort.com\/en\/wp-json\/wp\/v2\/comments?post=34372"}],"wp:featuredmedia":[{"embeddable":true,"href":"https:\/\/modeconfort.com\/en\/wp-json\/wp\/v2\/media\/34377"}],"wp:attachment":[{"href":"https:\/\/modeconfort.com\/en\/wp-json\/wp\/v2\/media?parent=34372"}],"wp:term":[{"taxonomy":"product_brand","embeddable":true,"href":"https:\/\/modeconfort.com\/en\/wp-json\/wp\/v2\/product_brand?post=34372"},{"taxonomy":"product_cat","embeddable":true,"href":"https:\/\/modeconfort.com\/en\/wp-json\/wp\/v2\/product_cat?post=34372"},{"taxonomy":"product_tag","embeddable":true,"href":"https:\/\/modeconfort.com\/en\/wp-json\/wp\/v2\/product_tag?post=34372"}],"curies":[{"name":"wp","href":"https:\/\/api.w.org\/{rel}","templated":true}]}}