{"id":33309,"date":"2025-10-09T15:22:40","date_gmt":"2025-10-09T19:22:40","guid":{"rendered":"https:\/\/modeconfort.com\/product\/black-top-303\/"},"modified":"2026-04-15T11:32:21","modified_gmt":"2026-04-15T15:32:21","slug":"black-top-303","status":"publish","type":"product","link":"https:\/\/modeconfort.com\/en\/product\/black-top-303\/","title":{"rendered":"Top Noir Mode Confort &#8211; Du00e9contractu00e9e Femme Canada"},"content":{"rendered":"<p>Imaginez-vous rayonnante, \u00e0 l&rsquo;aise et parfaitement chic, peu importe l&rsquo;occasion. Ce haut noir Mode Confort, \u00e0 la coupe fluide et raffin\u00e9e, est id\u00e9al pour un d\u00eener en famille, une sortie culturelle ou une \u00e9l\u00e9gante promenade en ville. Con\u00e7u pour flatter votre silhouette, il vous assure un confort in\u00e9gal\u00e9 toute la journ\u00e9e. Sa qualit\u00e9 europ\u00e9enne vous garantit un entretien facile et une tenue impeccable. Sa coupe g\u00e9n\u00e9reuse s&rsquo;adapte \u00e0 toutes les silhouettes.<\/p>","protected":false},"excerpt":{"rendered":"<p>Pour une \u00e9l\u00e9gance sans effort lors de vos sorties, ce haut noir assure votre confort avec raffinement.<\/p>","protected":false},"featured_media":33311,"comment_status":"open","ping_status":"closed","template":"","meta":{"_acf_changed":false},"product_brand":[],"product_cat":[149,179],"product_tag":[],"class_list":{"0":"post-33309","1":"product","2":"type-product","3":"status-publish","4":"has-post-thumbnail","6":"product_cat-new-collection","7":"product_cat-tops","9":"first","10":"instock","11":"sale","12":"taxable","13":"shipping-taxable","14":"purchasable","15":"product-type-variable","16":"has-default-attributes"},"acf":[],"_links":{"self":[{"href":"https:\/\/modeconfort.com\/en\/wp-json\/wp\/v2\/product\/33309","targetHints":{"allow":["GET"]}}],"collection":[{"href":"https:\/\/modeconfort.com\/en\/wp-json\/wp\/v2\/product"}],"about":[{"href":"https:\/\/modeconfort.com\/en\/wp-json\/wp\/v2\/types\/product"}],"replies":[{"embeddable":true,"href":"https:\/\/modeconfort.com\/en\/wp-json\/wp\/v2\/comments?post=33309"}],"wp:featuredmedia":[{"embeddable":true,"href":"https:\/\/modeconfort.com\/en\/wp-json\/wp\/v2\/media\/33311"}],"wp:attachment":[{"href":"https:\/\/modeconfort.com\/en\/wp-json\/wp\/v2\/media?parent=33309"}],"wp:term":[{"taxonomy":"product_brand","embeddable":true,"href":"https:\/\/modeconfort.com\/en\/wp-json\/wp\/v2\/product_brand?post=33309"},{"taxonomy":"product_cat","embeddable":true,"href":"https:\/\/modeconfort.com\/en\/wp-json\/wp\/v2\/product_cat?post=33309"},{"taxonomy":"product_tag","embeddable":true,"href":"https:\/\/modeconfort.com\/en\/wp-json\/wp\/v2\/product_tag?post=33309"}],"curies":[{"name":"wp","href":"https:\/\/api.w.org\/{rel}","templated":true}]}}