{"id":33281,"date":"2025-10-09T15:22:22","date_gmt":"2025-10-09T19:22:22","guid":{"rendered":"https:\/\/modeconfort.com\/product\/long-parka-with-zippers-111\/"},"modified":"2026-04-07T14:51:26","modified_gmt":"2026-04-07T18:51:26","slug":"long-parka-with-zippers-111","status":"publish","type":"product","link":"https:\/\/modeconfort.com\/en\/product\/long-parka-with-zippers-111\/","title":{"rendered":"Long parka with zippers 418111"},"content":{"rendered":"<p>Sentez-vous envelopp\u00e9e d&rsquo;une \u00e9l\u00e9gance r\u00e9confortante, pr\u00eate \u00e0 affronter la journ\u00e9e avec style. Ce long parka Punt Roma est votre alli\u00e9 id\u00e9al pour une sortie culturelle, un d\u00eener en famille ou une promenade \u00e9l\u00e9gante. Sa coupe g\u00e9n\u00e9reuse et structur\u00e9e, avec des fermetures \u00e9clair discr\u00e8tes, assure une aisance parfaite et sublime votre silhouette. Confectionn\u00e9 avec la qualit\u00e9 europ\u00e9enne de Punt Roma, il vous promet durabilit\u00e9 et un entretien facile. Un essentiel qui vous accompagne avec chic, saison apr\u00e8s saison.<\/p>","protected":false},"excerpt":{"rendered":"<p>Pour vos sorties en ville, en toute \u00e9l\u00e9gance et confort, ce parka vous enveloppe de douceur.<\/p>","protected":false},"featured_media":33283,"comment_status":"open","ping_status":"closed","template":"","meta":{"_acf_changed":false},"product_brand":[],"product_cat":[149,164],"product_tag":[],"class_list":{"0":"post-33281","1":"product","2":"type-product","3":"status-publish","4":"has-post-thumbnail","6":"product_cat-new-collection","7":"product_cat-parkas","9":"first","10":"outofstock","11":"sale","12":"taxable","13":"shipping-taxable","14":"purchasable","15":"product-type-variable","16":"has-default-attributes"},"acf":[],"_links":{"self":[{"href":"https:\/\/modeconfort.com\/en\/wp-json\/wp\/v2\/product\/33281","targetHints":{"allow":["GET"]}}],"collection":[{"href":"https:\/\/modeconfort.com\/en\/wp-json\/wp\/v2\/product"}],"about":[{"href":"https:\/\/modeconfort.com\/en\/wp-json\/wp\/v2\/types\/product"}],"replies":[{"embeddable":true,"href":"https:\/\/modeconfort.com\/en\/wp-json\/wp\/v2\/comments?post=33281"}],"wp:featuredmedia":[{"embeddable":true,"href":"https:\/\/modeconfort.com\/en\/wp-json\/wp\/v2\/media\/33283"}],"wp:attachment":[{"href":"https:\/\/modeconfort.com\/en\/wp-json\/wp\/v2\/media?parent=33281"}],"wp:term":[{"taxonomy":"product_brand","embeddable":true,"href":"https:\/\/modeconfort.com\/en\/wp-json\/wp\/v2\/product_brand?post=33281"},{"taxonomy":"product_cat","embeddable":true,"href":"https:\/\/modeconfort.com\/en\/wp-json\/wp\/v2\/product_cat?post=33281"},{"taxonomy":"product_tag","embeddable":true,"href":"https:\/\/modeconfort.com\/en\/wp-json\/wp\/v2\/product_tag?post=33281"}],"curies":[{"name":"wp","href":"https:\/\/api.w.org\/{rel}","templated":true}]}}