{"id":33109,"date":"2025-10-09T15:20:58","date_gmt":"2025-10-09T19:20:58","guid":{"rendered":"https:\/\/modeconfort.com\/product\/green-trousers-021\/"},"modified":"2026-04-15T11:32:22","modified_gmt":"2026-04-15T15:32:22","slug":"green-trousers-021","status":"publish","type":"product","link":"https:\/\/modeconfort.com\/en\/product\/green-trousers-021\/","title":{"rendered":"Pantalon Vert Mode Confort &#8211; Confortable Femme Canada"},"content":{"rendered":"<p>Ressentez l&rsquo;\u00e9l\u00e9gance d\u00e9contract\u00e9e et la confiance en vous avec notre pantalon vert Mode Confort. Sa coupe impeccable et son tissu doux vous enveloppent de confort, id\u00e9al pour un d\u00eener raffin\u00e9, une exposition d&rsquo;art ou une promenade chic en ville. Con\u00e7u pour durer, ce pantalon de qualit\u00e9 europ\u00e9enne flatte naturellement votre silhouette. Facile d&rsquo;entretien, il vous assure une allure impeccable sans effort. Sa coupe g\u00e9n\u00e9reuse s&rsquo;adapte \u00e0 toutes les silhouettes.<\/p>","protected":false},"excerpt":{"rendered":"<p>Pour une \u00e9l\u00e9gance d\u00e9contract\u00e9e au bureau ou en voyage, vous appr\u00e9cierez le confort de ce pantalon vert.<\/p>","protected":false},"featured_media":33111,"comment_status":"open","ping_status":"closed","template":"","meta":{"_acf_changed":false},"product_brand":[],"product_cat":[149,163],"product_tag":[],"class_list":{"0":"post-33109","1":"product","2":"type-product","3":"status-publish","4":"has-post-thumbnail","6":"product_cat-new-collection","7":"product_cat-trousers","9":"first","10":"outofstock","11":"sale","12":"taxable","13":"shipping-taxable","14":"purchasable","15":"product-type-variable","16":"has-default-attributes"},"acf":[],"_links":{"self":[{"href":"https:\/\/modeconfort.com\/en\/wp-json\/wp\/v2\/product\/33109","targetHints":{"allow":["GET"]}}],"collection":[{"href":"https:\/\/modeconfort.com\/en\/wp-json\/wp\/v2\/product"}],"about":[{"href":"https:\/\/modeconfort.com\/en\/wp-json\/wp\/v2\/types\/product"}],"replies":[{"embeddable":true,"href":"https:\/\/modeconfort.com\/en\/wp-json\/wp\/v2\/comments?post=33109"}],"wp:featuredmedia":[{"embeddable":true,"href":"https:\/\/modeconfort.com\/en\/wp-json\/wp\/v2\/media\/33111"}],"wp:attachment":[{"href":"https:\/\/modeconfort.com\/en\/wp-json\/wp\/v2\/media?parent=33109"}],"wp:term":[{"taxonomy":"product_brand","embeddable":true,"href":"https:\/\/modeconfort.com\/en\/wp-json\/wp\/v2\/product_brand?post=33109"},{"taxonomy":"product_cat","embeddable":true,"href":"https:\/\/modeconfort.com\/en\/wp-json\/wp\/v2\/product_cat?post=33109"},{"taxonomy":"product_tag","embeddable":true,"href":"https:\/\/modeconfort.com\/en\/wp-json\/wp\/v2\/product_tag?post=33109"}],"curies":[{"name":"wp","href":"https:\/\/api.w.org\/{rel}","templated":true}]}}