{"id":32347,"date":"2025-10-09T15:15:41","date_gmt":"2025-10-09T19:15:41","guid":{"rendered":"https:\/\/modeconfort.com\/?post_type=product&#038;p=32347"},"modified":"2026-03-29T02:59:00","modified_gmt":"2026-03-29T06:59:00","slug":"printed-t-shirt-523","status":"publish","type":"product","link":"https:\/\/modeconfort.com\/en\/product\/printed-t-shirt-523\/","title":{"rendered":"Printed t-shirt 411523"},"content":{"rendered":"<p>Ce t-shirt imprim\u00e9 vous enveloppe d&rsquo;une \u00e9l\u00e9gance d\u00e9contract\u00e9e, vous faisant sentir belle et \u00e0 l&rsquo;aise en toute occasion. Sa coupe fluide et son tissu doux \u00e9pousent d\u00e9licatement votre silhouette, id\u00e9al pour un d\u00eener en famille, une sortie culturelle ou une promenade chic. Vous appr\u00e9cierez la qualit\u00e9 Punt Roma qui vous assure une tenue impeccable, et sa facilit\u00e9 d&rsquo;entretien est un v\u00e9ritable atout. Sa coupe g\u00e9n\u00e9reuse s&rsquo;adapte \u00e0 toutes les silhouettes.<\/p>","protected":false},"excerpt":{"rendered":"<p>Pour un apr\u00e8s-midi entre amies, adoptez l&rsquo;\u00e9l\u00e9gance d\u00e9contract\u00e9e et le confort de ce t-shirt imprim\u00e9.<\/p>","protected":false},"featured_media":32968,"comment_status":"open","ping_status":"closed","template":"","meta":{"_acf_changed":false},"product_brand":[],"product_cat":[149,328,172],"product_tag":[],"class_list":{"0":"post-32347","1":"product","2":"type-product","3":"status-publish","4":"has-post-thumbnail","6":"product_cat-new-collection","7":"product_cat-liquidation","8":"product_cat-t-shirts","10":"first","11":"outofstock","12":"sale","13":"taxable","14":"shipping-taxable","15":"purchasable","16":"product-type-variable","17":"has-default-attributes"},"acf":[],"_links":{"self":[{"href":"https:\/\/modeconfort.com\/en\/wp-json\/wp\/v2\/product\/32347","targetHints":{"allow":["GET"]}}],"collection":[{"href":"https:\/\/modeconfort.com\/en\/wp-json\/wp\/v2\/product"}],"about":[{"href":"https:\/\/modeconfort.com\/en\/wp-json\/wp\/v2\/types\/product"}],"replies":[{"embeddable":true,"href":"https:\/\/modeconfort.com\/en\/wp-json\/wp\/v2\/comments?post=32347"}],"wp:featuredmedia":[{"embeddable":true,"href":"https:\/\/modeconfort.com\/en\/wp-json\/wp\/v2\/media\/32968"}],"wp:attachment":[{"href":"https:\/\/modeconfort.com\/en\/wp-json\/wp\/v2\/media?parent=32347"}],"wp:term":[{"taxonomy":"product_brand","embeddable":true,"href":"https:\/\/modeconfort.com\/en\/wp-json\/wp\/v2\/product_brand?post=32347"},{"taxonomy":"product_cat","embeddable":true,"href":"https:\/\/modeconfort.com\/en\/wp-json\/wp\/v2\/product_cat?post=32347"},{"taxonomy":"product_tag","embeddable":true,"href":"https:\/\/modeconfort.com\/en\/wp-json\/wp\/v2\/product_tag?post=32347"}],"curies":[{"name":"wp","href":"https:\/\/api.w.org\/{rel}","templated":true}]}}